{"id":126,"date":"2023-04-18T15:49:31","date_gmt":"2023-04-18T15:49:31","guid":{"rendered":"https:\/\/diegodevallejo.com\/?page_id=126"},"modified":"2023-05-23T16:34:52","modified_gmt":"2023-05-23T16:34:52","slug":"contacto","status":"publish","type":"page","link":"https:\/\/diegodevallejo.com\/index.php\/contacto\/","title":{"rendered":"Contacto"},"content":{"rendered":"\t\t<div data-elementor-type=\"wp-page\" data-elementor-id=\"126\" class=\"elementor elementor-126\">\n\t\t\t\t\t\t\t\t\t<section class=\"elementor-section elementor-top-section elementor-element elementor-element-6f00c962 elementor-section-boxed elementor-section-height-default elementor-section-height-default\" data-id=\"6f00c962\" data-element_type=\"section\" data-settings=\"{&quot;background_background&quot;:&quot;classic&quot;}\">\n\t\t\t\t\t\t\t<div class=\"elementor-background-overlay\"><\/div>\n\t\t\t\t\t\t\t<div class=\"elementor-container elementor-column-gap-default\">\n\t\t\t\t\t<div class=\"elementor-column elementor-col-100 elementor-top-column elementor-element elementor-element-d8ecf45\" data-id=\"d8ecf45\" data-element_type=\"column\">\n\t\t\t<div class=\"elementor-widget-wrap\">\n\t\t\t\t\t\t\t\t\t<\/div>\n\t\t<\/div>\n\t\t\t\t\t\t\t<\/div>\n\t\t<\/section>\n\t\t\t\t<section class=\"elementor-section elementor-top-section elementor-element elementor-element-48ae319 elementor-section-boxed elementor-section-height-default elementor-section-height-default\" data-id=\"48ae319\" data-element_type=\"section\">\n\t\t\t\t\t\t<div class=\"elementor-container elementor-column-gap-default\">\n\t\t\t\t\t<div class=\"elementor-column elementor-col-100 elementor-top-column elementor-element elementor-element-16fc26c6\" data-id=\"16fc26c6\" data-element_type=\"column\">\n\t\t\t<div class=\"elementor-widget-wrap elementor-element-populated\">\n\t\t\t\t\t\t\t\t<div class=\"elementor-element elementor-element-2cda6c34 elementor-widget elementor-widget-jkit_heading\" data-id=\"2cda6c34\" data-element_type=\"widget\" data-widget_type=\"jkit_heading.default\">\n\t\t\t\t<div class=\"elementor-widget-container\">\n\t\t\t<div  class=\"jeg-elementor-kit jkit-heading  align-center align-tablet- align-mobile-center jeg_module___69f46aab09618\" ><div class=\"heading-section-title  display-inline-block\"><h2 class=\"heading-title\">Si todav\u00eda te queda alguna duda ..<span class=\"style-color\"><span>\u00a1Cont\u00e1ctame!<\/span><\/span><\/h2><\/div><\/div>\t\t<\/div>\n\t\t\t\t<\/div>\n\t\t\t\t<div class=\"elementor-element elementor-element-dc24f5b elementor-widget elementor-widget-spacer\" data-id=\"dc24f5b\" data-element_type=\"widget\" data-widget_type=\"spacer.default\">\n\t\t\t\t<div class=\"elementor-widget-container\">\n\t\t\t<style>\/*! elementor - v3.12.1 - 02-04-2023 *\/\n.elementor-column .elementor-spacer-inner{height:var(--spacer-size)}.e-con{--container-widget-width:100%}.e-con-inner>.elementor-widget-spacer,.e-con>.elementor-widget-spacer{width:var(--container-widget-width,var(--spacer-size));--align-self:var(--container-widget-align-self,initial);--flex-shrink:0}.e-con-inner>.elementor-widget-spacer>.elementor-widget-container,.e-con-inner>.elementor-widget-spacer>.elementor-widget-container>.elementor-spacer,.e-con>.elementor-widget-spacer>.elementor-widget-container,.e-con>.elementor-widget-spacer>.elementor-widget-container>.elementor-spacer{height:100%}.e-con-inner>.elementor-widget-spacer>.elementor-widget-container>.elementor-spacer>.elementor-spacer-inner,.e-con>.elementor-widget-spacer>.elementor-widget-container>.elementor-spacer>.elementor-spacer-inner{height:var(--container-widget-height,var(--spacer-size))}<\/style>\t\t<div class=\"elementor-spacer\">\n\t\t\t<div class=\"elementor-spacer-inner\"><\/div>\n\t\t<\/div>\n\t\t\t\t<\/div>\n\t\t\t\t<\/div>\n\t\t\t\t<div class=\"elementor-element elementor-element-20b3a5f elementor-view-default elementor-widget elementor-widget-icon\" data-id=\"20b3a5f\" data-element_type=\"widget\" data-widget_type=\"icon.default\">\n\t\t\t\t<div class=\"elementor-widget-container\">\n\t\t\t\t\t<div class=\"elementor-icon-wrapper\">\n\t\t\t<div class=\"elementor-icon\">\n\t\t\t<i aria-hidden=\"true\" class=\"fas fa-phone-alt\"><\/i>\t\t\t<\/div>\n\t\t<\/div>\n\t\t\t\t<\/div>\n\t\t\t\t<\/div>\n\t\t\t\t<div class=\"elementor-element elementor-element-57e221a6 elementor-widget elementor-widget-text-editor\" data-id=\"57e221a6\" data-element_type=\"widget\" data-widget_type=\"text-editor.default\">\n\t\t\t\t<div class=\"elementor-widget-container\">\n\t\t\t<style>\/*! elementor - v3.12.1 - 02-04-2023 *\/\n.elementor-widget-text-editor.elementor-drop-cap-view-stacked .elementor-drop-cap{background-color:#69727d;color:#fff}.elementor-widget-text-editor.elementor-drop-cap-view-framed .elementor-drop-cap{color:#69727d;border:3px solid;background-color:transparent}.elementor-widget-text-editor:not(.elementor-drop-cap-view-default) .elementor-drop-cap{margin-top:8px}.elementor-widget-text-editor:not(.elementor-drop-cap-view-default) .elementor-drop-cap-letter{width:1em;height:1em}.elementor-widget-text-editor .elementor-drop-cap{float:left;text-align:center;line-height:1;font-size:50px}.elementor-widget-text-editor .elementor-drop-cap-letter{display:inline-block}<\/style>\t\t\t\t<p style=\"text-align: center;\"><strong><a href=\"tel: 687269801\">Contactar por telefono\u00a0<\/a><\/strong><\/p>\t\t\t\t\t\t<\/div>\n\t\t\t\t<\/div>\n\t\t\t\t<div class=\"elementor-element elementor-element-4d55fac elementor-widget elementor-widget-spacer\" data-id=\"4d55fac\" data-element_type=\"widget\" data-widget_type=\"spacer.default\">\n\t\t\t\t<div class=\"elementor-widget-container\">\n\t\t\t\t\t<div class=\"elementor-spacer\">\n\t\t\t<div class=\"elementor-spacer-inner\"><\/div>\n\t\t<\/div>\n\t\t\t\t<\/div>\n\t\t\t\t<\/div>\n\t\t\t\t<div class=\"elementor-element elementor-element-f0b6539 elementor-view-default elementor-widget elementor-widget-icon\" data-id=\"f0b6539\" data-element_type=\"widget\" data-widget_type=\"icon.default\">\n\t\t\t\t<div class=\"elementor-widget-container\">\n\t\t\t\t\t<div class=\"elementor-icon-wrapper\">\n\t\t\t<div class=\"elementor-icon\">\n\t\t\t<i aria-hidden=\"true\" class=\"icon icon-email\"><\/i>\t\t\t<\/div>\n\t\t<\/div>\n\t\t\t\t<\/div>\n\t\t\t\t<\/div>\n\t\t\t\t<div class=\"elementor-element elementor-element-851875b elementor-widget elementor-widget-text-editor\" data-id=\"851875b\" data-element_type=\"widget\" data-widget_type=\"text-editor.default\">\n\t\t\t\t<div class=\"elementor-widget-container\">\n\t\t\t\t\t\t\t<p style=\"text-align: center;\"><strong><a href=\"mailto: superpotypoty@hotmail.com\">Contactar por email\u00a0<\/a><\/strong><\/p>\t\t\t\t\t\t<\/div>\n\t\t\t\t<\/div>\n\t\t\t\t\t<\/div>\n\t\t<\/div>\n\t\t\t\t\t\t\t<\/div>\n\t\t<\/section>\n\t\t\t\t\t\t\t<\/div>\n\t\t","protected":false},"excerpt":{"rendered":"<p>Si todav\u00eda te queda alguna duda ..\u00a1Cont\u00e1ctame! Contactar por telefono\u00a0 Contactar por email\u00a0<\/p>\n","protected":false},"author":1,"featured_media":0,"parent":0,"menu_order":0,"comment_status":"closed","ping_status":"closed","template":"elementor_header_footer","meta":[],"yoast_head":"<!-- This site is optimized with the Yoast SEO plugin v20.5 - https:\/\/yoast.com\/wordpress\/plugins\/seo\/ -->\n<title>Contacto - diegodevallejo.com<\/title>\n<meta name=\"robots\" content=\"index, follow, max-snippet:-1, max-image-preview:large, max-video-preview:-1\" \/>\n<link rel=\"canonical\" href=\"https:\/\/diegodevallejo.com\/index.php\/contacto\/\" \/>\n<meta property=\"og:locale\" content=\"en_US\" \/>\n<meta property=\"og:type\" content=\"article\" \/>\n<meta property=\"og:title\" content=\"Contacto - diegodevallejo.com\" \/>\n<meta property=\"og:description\" content=\"Si todav\u00eda te queda alguna duda ..\u00a1Cont\u00e1ctame! Contactar por telefono\u00a0 Contactar por email\u00a0\" \/>\n<meta property=\"og:url\" content=\"https:\/\/diegodevallejo.com\/index.php\/contacto\/\" \/>\n<meta property=\"og:site_name\" content=\"diegodevallejo.com\" \/>\n<meta property=\"article:modified_time\" content=\"2023-05-23T16:34:52+00:00\" \/>\n<meta name=\"twitter:card\" content=\"summary_large_image\" \/>\n<meta name=\"twitter:label1\" content=\"Est. reading time\" \/>\n\t<meta name=\"twitter:data1\" content=\"1 minute\" \/>\n<script type=\"application\/ld+json\" class=\"yoast-schema-graph\">{\"@context\":\"https:\/\/schema.org\",\"@graph\":[{\"@type\":\"WebPage\",\"@id\":\"https:\/\/diegodevallejo.com\/index.php\/contacto\/\",\"url\":\"https:\/\/diegodevallejo.com\/index.php\/contacto\/\",\"name\":\"Contacto - diegodevallejo.com\",\"isPartOf\":{\"@id\":\"https:\/\/diegodevallejo.com\/#website\"},\"datePublished\":\"2023-04-18T15:49:31+00:00\",\"dateModified\":\"2023-05-23T16:34:52+00:00\",\"breadcrumb\":{\"@id\":\"https:\/\/diegodevallejo.com\/index.php\/contacto\/#breadcrumb\"},\"inLanguage\":\"en-US\",\"potentialAction\":[{\"@type\":\"ReadAction\",\"target\":[\"https:\/\/diegodevallejo.com\/index.php\/contacto\/\"]}]},{\"@type\":\"BreadcrumbList\",\"@id\":\"https:\/\/diegodevallejo.com\/index.php\/contacto\/#breadcrumb\",\"itemListElement\":[{\"@type\":\"ListItem\",\"position\":1,\"name\":\"Portada\",\"item\":\"https:\/\/diegodevallejo.com\/\"},{\"@type\":\"ListItem\",\"position\":2,\"name\":\"Contacto\"}]},{\"@type\":\"WebSite\",\"@id\":\"https:\/\/diegodevallejo.com\/#website\",\"url\":\"https:\/\/diegodevallejo.com\/\",\"name\":\"diegodevallejo.com\",\"description\":\"P\u00e1gina oficial de la empresa de formaci\u00f3n y divulgaci\u00f3n ambiental &quot;Poty Ambienturas&quot;\",\"publisher\":{\"@id\":\"https:\/\/diegodevallejo.com\/#organization\"},\"potentialAction\":[{\"@type\":\"SearchAction\",\"target\":{\"@type\":\"EntryPoint\",\"urlTemplate\":\"https:\/\/diegodevallejo.com\/?s={search_term_string}\"},\"query-input\":\"required name=search_term_string\"}],\"inLanguage\":\"en-US\"},{\"@type\":\"Organization\",\"@id\":\"https:\/\/diegodevallejo.com\/#organization\",\"name\":\"diegodevallejo.com\",\"url\":\"https:\/\/diegodevallejo.com\/\",\"logo\":{\"@type\":\"ImageObject\",\"inLanguage\":\"en-US\",\"@id\":\"https:\/\/diegodevallejo.com\/#\/schema\/logo\/image\/\",\"url\":\"https:\/\/diegodevallejo.com\/wp-content\/uploads\/2023\/04\/cropped-potyambienturas-removebg-preview.png\",\"contentUrl\":\"https:\/\/diegodevallejo.com\/wp-content\/uploads\/2023\/04\/cropped-potyambienturas-removebg-preview.png\",\"width\":176,\"height\":176,\"caption\":\"diegodevallejo.com\"},\"image\":{\"@id\":\"https:\/\/diegodevallejo.com\/#\/schema\/logo\/image\/\"}}]}<\/script>\n<!-- \/ Yoast SEO plugin. -->","yoast_head_json":{"title":"Contacto - diegodevallejo.com","robots":{"index":"index","follow":"follow","max-snippet":"max-snippet:-1","max-image-preview":"max-image-preview:large","max-video-preview":"max-video-preview:-1"},"canonical":"https:\/\/diegodevallejo.com\/index.php\/contacto\/","og_locale":"en_US","og_type":"article","og_title":"Contacto - diegodevallejo.com","og_description":"Si todav\u00eda te queda alguna duda ..\u00a1Cont\u00e1ctame! Contactar por telefono\u00a0 Contactar por email\u00a0","og_url":"https:\/\/diegodevallejo.com\/index.php\/contacto\/","og_site_name":"diegodevallejo.com","article_modified_time":"2023-05-23T16:34:52+00:00","twitter_card":"summary_large_image","twitter_misc":{"Est. reading time":"1 minute"},"schema":{"@context":"https:\/\/schema.org","@graph":[{"@type":"WebPage","@id":"https:\/\/diegodevallejo.com\/index.php\/contacto\/","url":"https:\/\/diegodevallejo.com\/index.php\/contacto\/","name":"Contacto - diegodevallejo.com","isPartOf":{"@id":"https:\/\/diegodevallejo.com\/#website"},"datePublished":"2023-04-18T15:49:31+00:00","dateModified":"2023-05-23T16:34:52+00:00","breadcrumb":{"@id":"https:\/\/diegodevallejo.com\/index.php\/contacto\/#breadcrumb"},"inLanguage":"en-US","potentialAction":[{"@type":"ReadAction","target":["https:\/\/diegodevallejo.com\/index.php\/contacto\/"]}]},{"@type":"BreadcrumbList","@id":"https:\/\/diegodevallejo.com\/index.php\/contacto\/#breadcrumb","itemListElement":[{"@type":"ListItem","position":1,"name":"Portada","item":"https:\/\/diegodevallejo.com\/"},{"@type":"ListItem","position":2,"name":"Contacto"}]},{"@type":"WebSite","@id":"https:\/\/diegodevallejo.com\/#website","url":"https:\/\/diegodevallejo.com\/","name":"diegodevallejo.com","description":"P\u00e1gina oficial de la empresa de formaci\u00f3n y divulgaci\u00f3n ambiental &quot;Poty Ambienturas&quot;","publisher":{"@id":"https:\/\/diegodevallejo.com\/#organization"},"potentialAction":[{"@type":"SearchAction","target":{"@type":"EntryPoint","urlTemplate":"https:\/\/diegodevallejo.com\/?s={search_term_string}"},"query-input":"required name=search_term_string"}],"inLanguage":"en-US"},{"@type":"Organization","@id":"https:\/\/diegodevallejo.com\/#organization","name":"diegodevallejo.com","url":"https:\/\/diegodevallejo.com\/","logo":{"@type":"ImageObject","inLanguage":"en-US","@id":"https:\/\/diegodevallejo.com\/#\/schema\/logo\/image\/","url":"https:\/\/diegodevallejo.com\/wp-content\/uploads\/2023\/04\/cropped-potyambienturas-removebg-preview.png","contentUrl":"https:\/\/diegodevallejo.com\/wp-content\/uploads\/2023\/04\/cropped-potyambienturas-removebg-preview.png","width":176,"height":176,"caption":"diegodevallejo.com"},"image":{"@id":"https:\/\/diegodevallejo.com\/#\/schema\/logo\/image\/"}}]}},"_links":{"self":[{"href":"https:\/\/diegodevallejo.com\/index.php\/wp-json\/wp\/v2\/pages\/126"}],"collection":[{"href":"https:\/\/diegodevallejo.com\/index.php\/wp-json\/wp\/v2\/pages"}],"about":[{"href":"https:\/\/diegodevallejo.com\/index.php\/wp-json\/wp\/v2\/types\/page"}],"author":[{"embeddable":true,"href":"https:\/\/diegodevallejo.com\/index.php\/wp-json\/wp\/v2\/users\/1"}],"replies":[{"embeddable":true,"href":"https:\/\/diegodevallejo.com\/index.php\/wp-json\/wp\/v2\/comments?post=126"}],"version-history":[{"count":35,"href":"https:\/\/diegodevallejo.com\/index.php\/wp-json\/wp\/v2\/pages\/126\/revisions"}],"predecessor-version":[{"id":1101,"href":"https:\/\/diegodevallejo.com\/index.php\/wp-json\/wp\/v2\/pages\/126\/revisions\/1101"}],"wp:attachment":[{"href":"https:\/\/diegodevallejo.com\/index.php\/wp-json\/wp\/v2\/media?parent=126"}],"curies":[{"name":"wp","href":"https:\/\/api.w.org\/{rel}","templated":true}]}}