{"id":1675,"date":"2024-03-06T16:47:15","date_gmt":"2024-03-06T16:47:15","guid":{"rendered":"https:\/\/diegodevallejo.com\/?page_id=1675"},"modified":"2024-03-06T20:17:40","modified_gmt":"2024-03-06T20:17:40","slug":"taller-de-analisis-de-egagropilas","status":"publish","type":"page","link":"https:\/\/diegodevallejo.com\/index.php\/escolares\/taller-de-analisis-de-egagropilas\/","title":{"rendered":"Taller de an\u00e1lisis de egagr\u00f3pilas"},"content":{"rendered":"\t\t<div data-elementor-type=\"wp-page\" data-elementor-id=\"1675\" class=\"elementor elementor-1675\">\n\t\t\t\t\t\t\t\t\t<section class=\"elementor-section elementor-top-section elementor-element elementor-element-e480e93 elementor-section-boxed elementor-section-height-default elementor-section-height-default\" data-id=\"e480e93\" data-element_type=\"section\">\n\t\t\t\t\t\t<div class=\"elementor-container elementor-column-gap-default\">\n\t\t\t\t\t<div class=\"elementor-column elementor-col-100 elementor-top-column elementor-element elementor-element-f335dcb\" data-id=\"f335dcb\" data-element_type=\"column\">\n\t\t\t<div class=\"elementor-widget-wrap elementor-element-populated\">\n\t\t\t\t\t\t\t\t<div class=\"elementor-element elementor-element-e7acea5 elementor-widget elementor-widget-image\" data-id=\"e7acea5\" data-element_type=\"widget\" data-widget_type=\"image.default\">\n\t\t\t\t<div class=\"elementor-widget-container\">\n\t\t\t<style>\/*! elementor - v3.12.1 - 02-04-2023 *\/\n.elementor-widget-image{text-align:center}.elementor-widget-image a{display:inline-block}.elementor-widget-image a img[src$=\".svg\"]{width:48px}.elementor-widget-image img{vertical-align:middle;display:inline-block}<\/style>\t\t\t\t\t\t\t\t\t\t\t\t<img width=\"2560\" height=\"1169\" src=\"https:\/\/diegodevallejo.com\/wp-content\/uploads\/2024\/03\/taller-de-analisis-de-egagropilas-aves-rapaces-nocturnas-diegodevallejo-diego-de-vallejo-poty-ambienturas-scaled.jpg\" class=\"attachment-full size-full wp-image-1679\" alt=\"\" decoding=\"async\" loading=\"lazy\" srcset=\"https:\/\/diegodevallejo.com\/wp-content\/uploads\/2024\/03\/taller-de-analisis-de-egagropilas-aves-rapaces-nocturnas-diegodevallejo-diego-de-vallejo-poty-ambienturas-scaled.jpg 2560w, https:\/\/diegodevallejo.com\/wp-content\/uploads\/2024\/03\/taller-de-analisis-de-egagropilas-aves-rapaces-nocturnas-diegodevallejo-diego-de-vallejo-poty-ambienturas-300x137.jpg 300w, https:\/\/diegodevallejo.com\/wp-content\/uploads\/2024\/03\/taller-de-analisis-de-egagropilas-aves-rapaces-nocturnas-diegodevallejo-diego-de-vallejo-poty-ambienturas-1024x468.jpg 1024w, https:\/\/diegodevallejo.com\/wp-content\/uploads\/2024\/03\/taller-de-analisis-de-egagropilas-aves-rapaces-nocturnas-diegodevallejo-diego-de-vallejo-poty-ambienturas-768x351.jpg 768w, https:\/\/diegodevallejo.com\/wp-content\/uploads\/2024\/03\/taller-de-analisis-de-egagropilas-aves-rapaces-nocturnas-diegodevallejo-diego-de-vallejo-poty-ambienturas-1536x701.jpg 1536w, https:\/\/diegodevallejo.com\/wp-content\/uploads\/2024\/03\/taller-de-analisis-de-egagropilas-aves-rapaces-nocturnas-diegodevallejo-diego-de-vallejo-poty-ambienturas-2048x935.jpg 2048w, https:\/\/diegodevallejo.com\/wp-content\/uploads\/2024\/03\/taller-de-analisis-de-egagropilas-aves-rapaces-nocturnas-diegodevallejo-diego-de-vallejo-poty-ambienturas-1568x716.jpg 1568w\" sizes=\"(max-width: 2560px) 100vw, 2560px\" style=\"width:100%;height:45.66%;max-width:2560px\" \/>\t\t\t\t\t\t\t\t\t\t\t\t\t\t\t<\/div>\n\t\t\t\t<\/div>\n\t\t\t\t\t<\/div>\n\t\t<\/div>\n\t\t\t\t\t\t\t<\/div>\n\t\t<\/section>\n\t\t\t\t<section class=\"elementor-section elementor-top-section elementor-element elementor-element-1c24838 elementor-section-boxed elementor-section-height-default elementor-section-height-default\" data-id=\"1c24838\" data-element_type=\"section\">\n\t\t\t\t\t\t<div class=\"elementor-container elementor-column-gap-default\">\n\t\t\t\t\t<div class=\"elementor-column elementor-col-100 elementor-top-column elementor-element elementor-element-3866287\" data-id=\"3866287\" data-element_type=\"column\">\n\t\t\t<div class=\"elementor-widget-wrap elementor-element-populated\">\n\t\t\t\t\t\t\t\t<div class=\"elementor-element elementor-element-84981f6 elementor-widget elementor-widget-text-editor\" data-id=\"84981f6\" data-element_type=\"widget\" data-widget_type=\"text-editor.default\">\n\t\t\t\t<div class=\"elementor-widget-container\">\n\t\t\t<style>\/*! elementor - v3.12.1 - 02-04-2023 *\/\n.elementor-widget-text-editor.elementor-drop-cap-view-stacked .elementor-drop-cap{background-color:#69727d;color:#fff}.elementor-widget-text-editor.elementor-drop-cap-view-framed .elementor-drop-cap{color:#69727d;border:3px solid;background-color:transparent}.elementor-widget-text-editor:not(.elementor-drop-cap-view-default) .elementor-drop-cap{margin-top:8px}.elementor-widget-text-editor:not(.elementor-drop-cap-view-default) .elementor-drop-cap-letter{width:1em;height:1em}.elementor-widget-text-editor .elementor-drop-cap{float:left;text-align:center;line-height:1;font-size:50px}.elementor-widget-text-editor .elementor-drop-cap-letter{display:inline-block}<\/style>\t\t\t\t<p>Convierte a tus alumnos en peque\u00f1os biol\u00f3logos-detectives por un d\u00eda, descubriendo qu\u00e9 peque\u00f1as especies existen en el municipio analizando egagr\u00f3pilas de aves rapaces nocturnas como los verdaderos guardas forestales. Experimentar\u00e1n a su ritmo con equipos de laboratorio individual. Durante el proceso, vivir\u00e1n sensaciones de todo tipo que jugar\u00e1n una parte muy importante de la actividad.\u00a0<\/p>\t\t\t\t\t\t<\/div>\n\t\t\t\t<\/div>\n\t\t\t\t\t<\/div>\n\t\t<\/div>\n\t\t\t\t\t\t\t<\/div>\n\t\t<\/section>\n\t\t\t\t<section class=\"elementor-section elementor-top-section elementor-element elementor-element-6cee233 elementor-section-boxed elementor-section-height-default elementor-section-height-default\" data-id=\"6cee233\" data-element_type=\"section\">\n\t\t\t\t\t\t<div class=\"elementor-container elementor-column-gap-default\">\n\t\t\t\t\t<div class=\"elementor-column elementor-col-100 elementor-top-column elementor-element elementor-element-e1312e7\" data-id=\"e1312e7\" data-element_type=\"column\">\n\t\t\t<div class=\"elementor-widget-wrap elementor-element-populated\">\n\t\t\t\t\t\t\t\t<div class=\"elementor-element elementor-element-97620c7 elementor-widget elementor-widget-text-editor\" data-id=\"97620c7\" data-element_type=\"widget\" data-widget_type=\"text-editor.default\">\n\t\t\t\t<div class=\"elementor-widget-container\">\n\t\t\t\t\t\t\t\t\t\t\t\t\t<\/div>\n\t\t\t\t<\/div>\n\t\t\t\t<div class=\"elementor-element elementor-element-794fbf6 elementor-arrows-position-inside elementor-pagination-position-outside elementor-widget elementor-widget-image-carousel\" data-id=\"794fbf6\" data-element_type=\"widget\" data-settings=\"{&quot;autoplay_speed&quot;:4945,&quot;navigation&quot;:&quot;both&quot;,&quot;autoplay&quot;:&quot;yes&quot;,&quot;pause_on_hover&quot;:&quot;yes&quot;,&quot;pause_on_interaction&quot;:&quot;yes&quot;,&quot;infinite&quot;:&quot;yes&quot;,&quot;speed&quot;:500}\" data-widget_type=\"image-carousel.default\">\n\t\t\t\t<div class=\"elementor-widget-container\">\n\t\t\t<style>\/*! elementor - v3.12.1 - 02-04-2023 *\/\n.elementor-widget-image-carousel .swiper,.elementor-widget-image-carousel .swiper-container{position:static}.elementor-widget-image-carousel .swiper-container .swiper-slide figure,.elementor-widget-image-carousel .swiper .swiper-slide figure{line-height:inherit}.elementor-widget-image-carousel .swiper-slide{text-align:center}.elementor-image-carousel-wrapper:not(.swiper-container-initialized) .swiper-slide,.elementor-image-carousel-wrapper:not(.swiper-initialized) .swiper-slide{max-width:calc(100% \/ var(--e-image-carousel-slides-to-show, 3))}<\/style>\t\t<div class=\"elementor-image-carousel-wrapper swiper\" dir=\"ltr\">\n\t\t\t<div class=\"elementor-image-carousel swiper-wrapper\">\n\t\t\t\t\t\t\t\t<div class=\"swiper-slide\"><figure class=\"swiper-slide-inner\"><img decoding=\"async\" class=\"swiper-slide-image\" src=\"https:\/\/diegodevallejo.com\/wp-content\/uploads\/2024\/03\/taller-de-analisis-de-egagropilas-@diegodevallejo-2-300x164.png\" alt=\"taller de analisis de egagro\u0301pilas @diegodevallejo 2\" \/><\/figure><\/div><div class=\"swiper-slide\"><figure class=\"swiper-slide-inner\"><img decoding=\"async\" class=\"swiper-slide-image\" src=\"https:\/\/diegodevallejo.com\/wp-content\/uploads\/2024\/03\/taller-de-analisis-de-egagropilas-@diegodevallejo-2-300x164.jpg\" alt=\"taller de analisis de egagro\u0301pilas @diegodevallejo 2\" \/><\/figure><\/div><div class=\"swiper-slide\"><figure class=\"swiper-slide-inner\"><img decoding=\"async\" class=\"swiper-slide-image\" src=\"https:\/\/diegodevallejo.com\/wp-content\/uploads\/2024\/03\/taller-de-analisis-de-egagropilas-@diegodevallejo-3-300x164.jpg\" alt=\"taller de analisis de egagro\u0301pilas @diegodevallejo 3\" \/><\/figure><\/div><div class=\"swiper-slide\"><figure class=\"swiper-slide-inner\"><img decoding=\"async\" class=\"swiper-slide-image\" src=\"https:\/\/diegodevallejo.com\/wp-content\/uploads\/2024\/03\/taller-de-analisis-de-egagropilas-@diegodevallejo-6-300x164.jpg\" alt=\"taller de analisis de egagro\u0301pilas @diegodevallejo 6\" \/><\/figure><\/div><div class=\"swiper-slide\"><figure class=\"swiper-slide-inner\"><img decoding=\"async\" class=\"swiper-slide-image\" src=\"https:\/\/diegodevallejo.com\/wp-content\/uploads\/2024\/03\/taller-analisis-de-egagropilas-@diegodevallejo-5-213x300.png\" alt=\"taller analisis de egagropilas @diegodevallejo 5\" \/><\/figure><\/div>\t\t\t<\/div>\n\t\t\t\t\t\t\t\t\t\t\t\t<div class=\"swiper-pagination\"><\/div>\n\t\t\t\t\t\t\t\t\t\t\t\t\t<div class=\"elementor-swiper-button elementor-swiper-button-prev\">\n\t\t\t\t\t\t<i aria-hidden=\"true\" class=\"eicon-chevron-left\"><\/i>\t\t\t\t\t\t<span class=\"elementor-screen-only\">Previous<\/span>\n\t\t\t\t\t<\/div>\n\t\t\t\t\t<div class=\"elementor-swiper-button elementor-swiper-button-next\">\n\t\t\t\t\t\t<i aria-hidden=\"true\" class=\"eicon-chevron-right\"><\/i>\t\t\t\t\t\t<span class=\"elementor-screen-only\">Next<\/span>\n\t\t\t\t\t<\/div>\n\t\t\t\t\t\t\t\t\t<\/div>\n\t\t\t\t<\/div>\n\t\t\t\t<\/div>\n\t\t\t\t\t<\/div>\n\t\t<\/div>\n\t\t\t\t\t\t\t<\/div>\n\t\t<\/section>\n\t\t\t\t<section class=\"elementor-section elementor-top-section elementor-element elementor-element-45bec6a elementor-section-boxed elementor-section-height-default elementor-section-height-default\" data-id=\"45bec6a\" data-element_type=\"section\">\n\t\t\t\t\t\t<div class=\"elementor-container elementor-column-gap-default\">\n\t\t\t\t\t<div class=\"elementor-column elementor-col-100 elementor-top-column elementor-element elementor-element-aaa36ce\" data-id=\"aaa36ce\" data-element_type=\"column\">\n\t\t\t<div class=\"elementor-widget-wrap elementor-element-populated\">\n\t\t\t\t\t\t\t\t<div class=\"elementor-element elementor-element-a4adae7 elementor-widget elementor-widget-text-editor\" data-id=\"a4adae7\" data-element_type=\"widget\" data-widget_type=\"text-editor.default\">\n\t\t\t\t<div class=\"elementor-widget-container\">\n\t\t\t\t\t\t\t<div>El desarrollo de la actividad contiene:<\/div>\n<ul>\n<li>Exposici\u00f3n sobre las aves rapaces nocturnas y la curiosa formaci\u00f3n de las egagr\u00f3pilas. Incluye el transporte e instalaci\u00f3n para el que se precisa al menos tres horas, antes del comienzo de la actividad.<\/li>\n<li>Al menos 15 equipo de laboratorio individual, con egagr\u00f3pilas recogidas por la zona donde se llevar\u00e1 a cabo el taller.<\/li>\n<li>Uso de microscopios digitales con pantalla de TV de 55&#8243;<\/li>\n<\/ul>\t\t\t\t\t\t<\/div>\n\t\t\t\t<\/div>\n\t\t\t\t\t<\/div>\n\t\t<\/div>\n\t\t\t\t\t\t\t<\/div>\n\t\t<\/section>\n\t\t\t\t<section class=\"elementor-section elementor-top-section elementor-element elementor-element-478cb8c elementor-section-boxed elementor-section-height-default elementor-section-height-default\" data-id=\"478cb8c\" data-element_type=\"section\">\n\t\t\t\t\t\t<div class=\"elementor-container elementor-column-gap-default\">\n\t\t\t\t\t<div class=\"elementor-column elementor-col-100 elementor-top-column elementor-element elementor-element-1b1a500\" data-id=\"1b1a500\" data-element_type=\"column\">\n\t\t\t<div class=\"elementor-widget-wrap elementor-element-populated\">\n\t\t\t\t\t\t\t\t<div class=\"elementor-element elementor-element-2224e2e elementor-align-center elementor-widget elementor-widget-button\" data-id=\"2224e2e\" data-element_type=\"widget\" data-widget_type=\"button.default\">\n\t\t\t\t<div class=\"elementor-widget-container\">\n\t\t\t\t\t<div class=\"elementor-button-wrapper\">\n\t\t\t<a href=\"https:\/\/drive.google.com\/file\/d\/1TtRc27JMLNWkgeIXvOaeRZTCvejMx8-y\/view?usp=sharing\" class=\"elementor-button-link elementor-button elementor-size-sm\" role=\"button\">\n\t\t\t\t\t\t<span class=\"elementor-button-content-wrapper\">\n\t\t\t\t\t\t<span class=\"elementor-button-text\">Presupuesto estimado<\/span>\n\t\t<\/span>\n\t\t\t\t\t<\/a>\n\t\t<\/div>\n\t\t\t\t<\/div>\n\t\t\t\t<\/div>\n\t\t\t\t\t<\/div>\n\t\t<\/div>\n\t\t\t\t\t\t\t<\/div>\n\t\t<\/section>\n\t\t\t\t<section class=\"elementor-section elementor-top-section elementor-element elementor-element-a094f25 elementor-section-boxed elementor-section-height-default elementor-section-height-default\" data-id=\"a094f25\" data-element_type=\"section\">\n\t\t\t\t\t\t<div class=\"elementor-container elementor-column-gap-default\">\n\t\t\t\t\t<div class=\"elementor-column elementor-col-100 elementor-top-column elementor-element elementor-element-d5c1e51\" data-id=\"d5c1e51\" data-element_type=\"column\">\n\t\t\t<div class=\"elementor-widget-wrap elementor-element-populated\">\n\t\t\t\t\t\t\t\t<div class=\"elementor-element elementor-element-12e4785 elementor-widget elementor-widget-video\" data-id=\"12e4785\" data-element_type=\"widget\" data-settings=\"{&quot;youtube_url&quot;:&quot;https:\\\/\\\/www.youtube.com\\\/watch?v=0gaB3XpsjCA&amp;t=1303s&quot;,&quot;start&quot;:0,&quot;autoplay&quot;:&quot;yes&quot;,&quot;play_on_mobile&quot;:&quot;yes&quot;,&quot;mute&quot;:&quot;yes&quot;,&quot;video_type&quot;:&quot;youtube&quot;,&quot;controls&quot;:&quot;yes&quot;}\" data-widget_type=\"video.default\">\n\t\t\t\t<div class=\"elementor-widget-container\">\n\t\t\t<style>\/*! elementor - v3.12.1 - 02-04-2023 *\/\n.elementor-widget-video .elementor-widget-container{overflow:hidden;transform:translateZ(0)}.elementor-widget-video .elementor-wrapper iframe,.elementor-widget-video .elementor-wrapper video{height:100%;width:100%;display:flex;border:none;background-color:#000}.elementor-widget-video .elementor-open-inline .elementor-custom-embed-image-overlay{position:absolute;top:0;left:0;width:100%;height:100%;background-size:cover;background-position:50%}.elementor-widget-video .elementor-custom-embed-image-overlay{cursor:pointer;text-align:center}.elementor-widget-video .elementor-custom-embed-image-overlay:hover .elementor-custom-embed-play i{opacity:1}.elementor-widget-video .elementor-custom-embed-image-overlay img{display:block;width:100%}.elementor-widget-video .e-hosted-video .elementor-video{-o-object-fit:cover;object-fit:cover}.e-con-inner>.elementor-widget-video,.e-con>.elementor-widget-video{width:var(--container-widget-width);--flex-grow:var(--container-widget-flex-grow)}<\/style>\t\t<div class=\"elementor-wrapper elementor-open-inline\">\n\t\t\t<div class=\"elementor-video\"><\/div>\t\t<\/div>\n\t\t\t\t<\/div>\n\t\t\t\t<\/div>\n\t\t\t\t\t<\/div>\n\t\t<\/div>\n\t\t\t\t\t\t\t<\/div>\n\t\t<\/section>\n\t\t\t\t<section class=\"elementor-section elementor-top-section elementor-element elementor-element-9344867 elementor-section-boxed elementor-section-height-default elementor-section-height-default\" data-id=\"9344867\" data-element_type=\"section\">\n\t\t\t\t\t\t<div class=\"elementor-container elementor-column-gap-default\">\n\t\t\t\t\t<div class=\"elementor-column elementor-col-100 elementor-top-column elementor-element elementor-element-77a7b88\" data-id=\"77a7b88\" data-element_type=\"column\">\n\t\t\t<div class=\"elementor-widget-wrap elementor-element-populated\">\n\t\t\t\t\t\t\t\t\t<\/div>\n\t\t<\/div>\n\t\t\t\t\t\t\t<\/div>\n\t\t<\/section>\n\t\t\t\t\t\t\t<\/div>\n\t\t","protected":false},"excerpt":{"rendered":"<p>Convierte a tus alumnos en peque\u00f1os biol\u00f3logos-detectives por un d\u00eda, descubriendo qu\u00e9 peque\u00f1as especies existen en el municipio analizando egagr\u00f3pilas de aves rapaces nocturnas como los verdaderos guardas forestales. Experimentar\u00e1n a su ritmo con equipos de laboratorio individual. Durante el proceso, vivir\u00e1n sensaciones de todo tipo que jugar\u00e1n una parte muy importante de la actividad.\u00a0&hellip; <a class=\"more-link\" href=\"https:\/\/diegodevallejo.com\/index.php\/escolares\/taller-de-analisis-de-egagropilas\/\">Continue reading <span class=\"screen-reader-text\">Taller de an\u00e1lisis de egagr\u00f3pilas<\/span><\/a><\/p>\n","protected":false},"author":1,"featured_media":0,"parent":110,"menu_order":0,"comment_status":"closed","ping_status":"closed","template":"elementor_header_footer","meta":[],"yoast_head":"<!-- This site is optimized with the Yoast SEO plugin v20.5 - https:\/\/yoast.com\/wordpress\/plugins\/seo\/ -->\n<title>Taller de an\u00e1lisis de egagr\u00f3pilas - diegodevallejo.com<\/title>\n<meta name=\"description\" content=\"Convierte a tus alumnos en peque\u00f1os detectives de huesos en un taller de egagr\u00f3pilas con el que conocer\u00e1n las especies de micro fauna cercana.\" \/>\n<meta name=\"robots\" content=\"index, follow, max-snippet:-1, max-image-preview:large, max-video-preview:-1\" \/>\n<link rel=\"canonical\" href=\"https:\/\/diegodevallejo.com\/index.php\/escolares\/taller-de-analisis-de-egagropilas\/\" \/>\n<meta property=\"og:locale\" content=\"en_US\" \/>\n<meta property=\"og:type\" content=\"article\" \/>\n<meta property=\"og:title\" content=\"Taller de an\u00e1lisis de egagr\u00f3pilas - diegodevallejo.com\" \/>\n<meta property=\"og:description\" content=\"Convierte a tus alumnos en peque\u00f1os detectives de huesos en un taller de egagr\u00f3pilas con el que conocer\u00e1n las especies de micro fauna cercana.\" \/>\n<meta property=\"og:url\" content=\"https:\/\/diegodevallejo.com\/index.php\/escolares\/taller-de-analisis-de-egagropilas\/\" \/>\n<meta property=\"og:site_name\" content=\"diegodevallejo.com\" \/>\n<meta property=\"article:modified_time\" content=\"2024-03-06T20:17:40+00:00\" \/>\n<meta property=\"og:image\" content=\"http:\/\/diegodevallejo.com\/wp-content\/uploads\/2024\/03\/taller-de-analisis-de-egagropilas-aves-rapaces-nocturnas-diegodevallejo-diego-de-vallejo-poty-ambienturas-scaled.jpg\" \/>\n<meta name=\"twitter:card\" content=\"summary_large_image\" \/>\n<meta name=\"twitter:label1\" content=\"Est. reading time\" \/>\n\t<meta name=\"twitter:data1\" content=\"3 minutes\" \/>\n<script type=\"application\/ld+json\" class=\"yoast-schema-graph\">{\"@context\":\"https:\/\/schema.org\",\"@graph\":[{\"@type\":\"WebPage\",\"@id\":\"https:\/\/diegodevallejo.com\/index.php\/escolares\/taller-de-analisis-de-egagropilas\/\",\"url\":\"https:\/\/diegodevallejo.com\/index.php\/escolares\/taller-de-analisis-de-egagropilas\/\",\"name\":\"Taller de an\u00e1lisis de egagr\u00f3pilas - diegodevallejo.com\",\"isPartOf\":{\"@id\":\"https:\/\/diegodevallejo.com\/#website\"},\"datePublished\":\"2024-03-06T16:47:15+00:00\",\"dateModified\":\"2024-03-06T20:17:40+00:00\",\"description\":\"Convierte a tus alumnos en peque\u00f1os detectives de huesos en un taller de egagr\u00f3pilas con el que conocer\u00e1n las especies de micro fauna cercana.\",\"breadcrumb\":{\"@id\":\"https:\/\/diegodevallejo.com\/index.php\/escolares\/taller-de-analisis-de-egagropilas\/#breadcrumb\"},\"inLanguage\":\"en-US\",\"potentialAction\":[{\"@type\":\"ReadAction\",\"target\":[\"https:\/\/diegodevallejo.com\/index.php\/escolares\/taller-de-analisis-de-egagropilas\/\"]}]},{\"@type\":\"BreadcrumbList\",\"@id\":\"https:\/\/diegodevallejo.com\/index.php\/escolares\/taller-de-analisis-de-egagropilas\/#breadcrumb\",\"itemListElement\":[{\"@type\":\"ListItem\",\"position\":1,\"name\":\"Portada\",\"item\":\"https:\/\/diegodevallejo.com\/\"},{\"@type\":\"ListItem\",\"position\":2,\"name\":\"Para estudiantes\",\"item\":\"https:\/\/diegodevallejo.com\/index.php\/escolares\/\"},{\"@type\":\"ListItem\",\"position\":3,\"name\":\"Taller de an\u00e1lisis de egagr\u00f3pilas\"}]},{\"@type\":\"WebSite\",\"@id\":\"https:\/\/diegodevallejo.com\/#website\",\"url\":\"https:\/\/diegodevallejo.com\/\",\"name\":\"diegodevallejo.com\",\"description\":\"P\u00e1gina oficial de la empresa de formaci\u00f3n y divulgaci\u00f3n ambiental &quot;Poty Ambienturas&quot;\",\"publisher\":{\"@id\":\"https:\/\/diegodevallejo.com\/#organization\"},\"potentialAction\":[{\"@type\":\"SearchAction\",\"target\":{\"@type\":\"EntryPoint\",\"urlTemplate\":\"https:\/\/diegodevallejo.com\/?s={search_term_string}\"},\"query-input\":\"required name=search_term_string\"}],\"inLanguage\":\"en-US\"},{\"@type\":\"Organization\",\"@id\":\"https:\/\/diegodevallejo.com\/#organization\",\"name\":\"diegodevallejo.com\",\"url\":\"https:\/\/diegodevallejo.com\/\",\"logo\":{\"@type\":\"ImageObject\",\"inLanguage\":\"en-US\",\"@id\":\"https:\/\/diegodevallejo.com\/#\/schema\/logo\/image\/\",\"url\":\"https:\/\/diegodevallejo.com\/wp-content\/uploads\/2023\/04\/cropped-potyambienturas-removebg-preview.png\",\"contentUrl\":\"https:\/\/diegodevallejo.com\/wp-content\/uploads\/2023\/04\/cropped-potyambienturas-removebg-preview.png\",\"width\":176,\"height\":176,\"caption\":\"diegodevallejo.com\"},\"image\":{\"@id\":\"https:\/\/diegodevallejo.com\/#\/schema\/logo\/image\/\"}}]}<\/script>\n<!-- \/ Yoast SEO plugin. -->","yoast_head_json":{"title":"Taller de an\u00e1lisis de egagr\u00f3pilas - diegodevallejo.com","description":"Convierte a tus alumnos en peque\u00f1os detectives de huesos en un taller de egagr\u00f3pilas con el que conocer\u00e1n las especies de micro fauna cercana.","robots":{"index":"index","follow":"follow","max-snippet":"max-snippet:-1","max-image-preview":"max-image-preview:large","max-video-preview":"max-video-preview:-1"},"canonical":"https:\/\/diegodevallejo.com\/index.php\/escolares\/taller-de-analisis-de-egagropilas\/","og_locale":"en_US","og_type":"article","og_title":"Taller de an\u00e1lisis de egagr\u00f3pilas - diegodevallejo.com","og_description":"Convierte a tus alumnos en peque\u00f1os detectives de huesos en un taller de egagr\u00f3pilas con el que conocer\u00e1n las especies de micro fauna cercana.","og_url":"https:\/\/diegodevallejo.com\/index.php\/escolares\/taller-de-analisis-de-egagropilas\/","og_site_name":"diegodevallejo.com","article_modified_time":"2024-03-06T20:17:40+00:00","og_image":[{"url":"http:\/\/diegodevallejo.com\/wp-content\/uploads\/2024\/03\/taller-de-analisis-de-egagropilas-aves-rapaces-nocturnas-diegodevallejo-diego-de-vallejo-poty-ambienturas-scaled.jpg"}],"twitter_card":"summary_large_image","twitter_misc":{"Est. reading time":"3 minutes"},"schema":{"@context":"https:\/\/schema.org","@graph":[{"@type":"WebPage","@id":"https:\/\/diegodevallejo.com\/index.php\/escolares\/taller-de-analisis-de-egagropilas\/","url":"https:\/\/diegodevallejo.com\/index.php\/escolares\/taller-de-analisis-de-egagropilas\/","name":"Taller de an\u00e1lisis de egagr\u00f3pilas - diegodevallejo.com","isPartOf":{"@id":"https:\/\/diegodevallejo.com\/#website"},"datePublished":"2024-03-06T16:47:15+00:00","dateModified":"2024-03-06T20:17:40+00:00","description":"Convierte a tus alumnos en peque\u00f1os detectives de huesos en un taller de egagr\u00f3pilas con el que conocer\u00e1n las especies de micro fauna cercana.","breadcrumb":{"@id":"https:\/\/diegodevallejo.com\/index.php\/escolares\/taller-de-analisis-de-egagropilas\/#breadcrumb"},"inLanguage":"en-US","potentialAction":[{"@type":"ReadAction","target":["https:\/\/diegodevallejo.com\/index.php\/escolares\/taller-de-analisis-de-egagropilas\/"]}]},{"@type":"BreadcrumbList","@id":"https:\/\/diegodevallejo.com\/index.php\/escolares\/taller-de-analisis-de-egagropilas\/#breadcrumb","itemListElement":[{"@type":"ListItem","position":1,"name":"Portada","item":"https:\/\/diegodevallejo.com\/"},{"@type":"ListItem","position":2,"name":"Para estudiantes","item":"https:\/\/diegodevallejo.com\/index.php\/escolares\/"},{"@type":"ListItem","position":3,"name":"Taller de an\u00e1lisis de egagr\u00f3pilas"}]},{"@type":"WebSite","@id":"https:\/\/diegodevallejo.com\/#website","url":"https:\/\/diegodevallejo.com\/","name":"diegodevallejo.com","description":"P\u00e1gina oficial de la empresa de formaci\u00f3n y divulgaci\u00f3n ambiental &quot;Poty Ambienturas&quot;","publisher":{"@id":"https:\/\/diegodevallejo.com\/#organization"},"potentialAction":[{"@type":"SearchAction","target":{"@type":"EntryPoint","urlTemplate":"https:\/\/diegodevallejo.com\/?s={search_term_string}"},"query-input":"required name=search_term_string"}],"inLanguage":"en-US"},{"@type":"Organization","@id":"https:\/\/diegodevallejo.com\/#organization","name":"diegodevallejo.com","url":"https:\/\/diegodevallejo.com\/","logo":{"@type":"ImageObject","inLanguage":"en-US","@id":"https:\/\/diegodevallejo.com\/#\/schema\/logo\/image\/","url":"https:\/\/diegodevallejo.com\/wp-content\/uploads\/2023\/04\/cropped-potyambienturas-removebg-preview.png","contentUrl":"https:\/\/diegodevallejo.com\/wp-content\/uploads\/2023\/04\/cropped-potyambienturas-removebg-preview.png","width":176,"height":176,"caption":"diegodevallejo.com"},"image":{"@id":"https:\/\/diegodevallejo.com\/#\/schema\/logo\/image\/"}}]}},"_links":{"self":[{"href":"https:\/\/diegodevallejo.com\/index.php\/wp-json\/wp\/v2\/pages\/1675"}],"collection":[{"href":"https:\/\/diegodevallejo.com\/index.php\/wp-json\/wp\/v2\/pages"}],"about":[{"href":"https:\/\/diegodevallejo.com\/index.php\/wp-json\/wp\/v2\/types\/page"}],"author":[{"embeddable":true,"href":"https:\/\/diegodevallejo.com\/index.php\/wp-json\/wp\/v2\/users\/1"}],"replies":[{"embeddable":true,"href":"https:\/\/diegodevallejo.com\/index.php\/wp-json\/wp\/v2\/comments?post=1675"}],"version-history":[{"count":47,"href":"https:\/\/diegodevallejo.com\/index.php\/wp-json\/wp\/v2\/pages\/1675\/revisions"}],"predecessor-version":[{"id":1742,"href":"https:\/\/diegodevallejo.com\/index.php\/wp-json\/wp\/v2\/pages\/1675\/revisions\/1742"}],"up":[{"embeddable":true,"href":"https:\/\/diegodevallejo.com\/index.php\/wp-json\/wp\/v2\/pages\/110"}],"wp:attachment":[{"href":"https:\/\/diegodevallejo.com\/index.php\/wp-json\/wp\/v2\/media?parent=1675"}],"curies":[{"name":"wp","href":"https:\/\/api.w.org\/{rel}","templated":true}]}}