{"id":2744,"date":"2025-10-09T08:55:57","date_gmt":"2025-10-09T08:55:57","guid":{"rendered":"https:\/\/diegodevallejo.com\/?page_id=2744"},"modified":"2025-10-09T09:07:28","modified_gmt":"2025-10-09T09:07:28","slug":"permisomariquitascantabria","status":"publish","type":"page","link":"https:\/\/diegodevallejo.com\/index.php\/permisomariquitascantabria\/","title":{"rendered":"Untitled"},"content":{"rendered":"\t\t<div data-elementor-type=\"wp-page\" data-elementor-id=\"2744\" class=\"elementor elementor-2744\">\n\t\t\t\t\t\t\t\t\t<section class=\"elementor-section elementor-top-section elementor-element elementor-element-2760c19 elementor-section-boxed elementor-section-height-default elementor-section-height-default\" data-id=\"2760c19\" data-element_type=\"section\">\n\t\t\t\t\t\t<div class=\"elementor-container elementor-column-gap-default\">\n\t\t\t\t\t<div class=\"elementor-column elementor-col-100 elementor-top-column elementor-element elementor-element-4dce5f7\" data-id=\"4dce5f7\" data-element_type=\"column\">\n\t\t\t<div class=\"elementor-widget-wrap elementor-element-populated\">\n\t\t\t\t\t\t\t\t<div class=\"elementor-element elementor-element-c92fdbb elementor-widget elementor-widget-image\" data-id=\"c92fdbb\" data-element_type=\"widget\" data-widget_type=\"image.default\">\n\t\t\t\t<div class=\"elementor-widget-container\">\n\t\t\t<style>\/*! elementor - v3.12.1 - 02-04-2023 *\/\n.elementor-widget-image{text-align:center}.elementor-widget-image a{display:inline-block}.elementor-widget-image a img[src$=\".svg\"]{width:48px}.elementor-widget-image img{vertical-align:middle;display:inline-block}<\/style>\t\t\t\t\t\t\t\t\t\t\t\t<img width=\"750\" height=\"422\" src=\"https:\/\/diegodevallejo.com\/wp-content\/uploads\/2025\/10\/cajas-nido-para-mariquitas-1024x576.png\" class=\"attachment-large size-large wp-image-2746\" alt=\"\" decoding=\"async\" loading=\"lazy\" srcset=\"https:\/\/diegodevallejo.com\/wp-content\/uploads\/2025\/10\/cajas-nido-para-mariquitas-1024x576.png 1024w, https:\/\/diegodevallejo.com\/wp-content\/uploads\/2025\/10\/cajas-nido-para-mariquitas-300x169.png 300w, https:\/\/diegodevallejo.com\/wp-content\/uploads\/2025\/10\/cajas-nido-para-mariquitas-768x432.png 768w, https:\/\/diegodevallejo.com\/wp-content\/uploads\/2025\/10\/cajas-nido-para-mariquitas-1536x864.png 1536w, https:\/\/diegodevallejo.com\/wp-content\/uploads\/2025\/10\/cajas-nido-para-mariquitas-2048x1152.png 2048w, https:\/\/diegodevallejo.com\/wp-content\/uploads\/2025\/10\/cajas-nido-para-mariquitas-1568x882.png 1568w\" sizes=\"(max-width: 750px) 100vw, 750px\" style=\"width:100%;height:56.25%;max-width:3840px\" \/>\t\t\t\t\t\t\t\t\t\t\t\t\t\t\t<\/div>\n\t\t\t\t<\/div>\n\t\t\t\t<div class=\"elementor-element elementor-element-2c1215a elementor-invisible elementor-widget elementor-widget-heading\" data-id=\"2c1215a\" data-element_type=\"widget\" data-settings=\"{&quot;_animation&quot;:&quot;zoomIn&quot;}\" data-widget_type=\"heading.default\">\n\t\t\t\t<div class=\"elementor-widget-container\">\n\t\t\t<style>\/*! elementor - v3.12.1 - 02-04-2023 *\/\n.elementor-heading-title{padding:0;margin:0;line-height:1}.elementor-widget-heading .elementor-heading-title[class*=elementor-size-]>a{color:inherit;font-size:inherit;line-height:inherit}.elementor-widget-heading .elementor-heading-title.elementor-size-small{font-size:15px}.elementor-widget-heading .elementor-heading-title.elementor-size-medium{font-size:19px}.elementor-widget-heading .elementor-heading-title.elementor-size-large{font-size:29px}.elementor-widget-heading .elementor-heading-title.elementor-size-xl{font-size:39px}.elementor-widget-heading .elementor-heading-title.elementor-size-xxl{font-size:59px}<\/style><h2 class=\"elementor-heading-title elementor-size-xl\">Permiso para la liberaci\u00f3n de larvas de mariquita en Cantabria<\/h2>\t\t<\/div>\n\t\t\t\t<\/div>\n\t\t\t\t\t<\/div>\n\t\t<\/div>\n\t\t\t\t\t\t\t<\/div>\n\t\t<\/section>\n\t\t\t\t<section class=\"elementor-section elementor-top-section elementor-element elementor-element-77e58dc elementor-section-boxed elementor-section-height-default elementor-section-height-default\" data-id=\"77e58dc\" data-element_type=\"section\">\n\t\t\t\t\t\t<div class=\"elementor-container elementor-column-gap-default\">\n\t\t\t\t\t<div class=\"elementor-column elementor-col-100 elementor-top-column elementor-element elementor-element-1cf911a\" data-id=\"1cf911a\" data-element_type=\"column\">\n\t\t\t<div class=\"elementor-widget-wrap elementor-element-populated\">\n\t\t\t\t\t\t\t\t<div class=\"elementor-element elementor-element-0b0efec elementor-widget elementor-widget-text-editor\" data-id=\"0b0efec\" data-element_type=\"widget\" data-widget_type=\"text-editor.default\">\n\t\t\t\t<div class=\"elementor-widget-container\">\n\t\t\t<style>\/*! elementor - v3.12.1 - 02-04-2023 *\/\n.elementor-widget-text-editor.elementor-drop-cap-view-stacked .elementor-drop-cap{background-color:#69727d;color:#fff}.elementor-widget-text-editor.elementor-drop-cap-view-framed .elementor-drop-cap{color:#69727d;border:3px solid;background-color:transparent}.elementor-widget-text-editor:not(.elementor-drop-cap-view-default) .elementor-drop-cap{margin-top:8px}.elementor-widget-text-editor:not(.elementor-drop-cap-view-default) .elementor-drop-cap-letter{width:1em;height:1em}.elementor-widget-text-editor .elementor-drop-cap{float:left;text-align:center;line-height:1;font-size:50px}.elementor-widget-text-editor .elementor-drop-cap-letter{display:inline-block}<\/style>\t\t\t\t<p><span style=\"color: #333f70; caret-color: #333f70;\">Por lo que he podido comprobar, para solicitar un permiso de liberaci\u00f3n de larvas de mariquita en el territorio de Cantabria, es necesario mandar una solicitud formal por registro electr\u00f3nico a la Direcci\u00f3n General de Montes y Biodiversidad. En dicha solicitud se deben incorporar los siguientes documentos:<\/span><\/p>\t\t\t\t\t\t<\/div>\n\t\t\t\t<\/div>\n\t\t\t\t\t<\/div>\n\t\t<\/div>\n\t\t\t\t\t\t\t<\/div>\n\t\t<\/section>\n\t\t\t\t<section class=\"elementor-section elementor-top-section elementor-element elementor-element-595abc4 elementor-section-boxed elementor-section-height-default elementor-section-height-default\" data-id=\"595abc4\" data-element_type=\"section\">\n\t\t\t\t\t\t<div class=\"elementor-container elementor-column-gap-default\">\n\t\t\t\t\t<div class=\"elementor-column elementor-col-100 elementor-top-column elementor-element elementor-element-5a42294\" data-id=\"5a42294\" data-element_type=\"column\">\n\t\t\t<div class=\"elementor-widget-wrap elementor-element-populated\">\n\t\t\t\t\t\t\t\t<div class=\"elementor-element elementor-element-ebaca7a elementor-widget elementor-widget-text-editor\" data-id=\"ebaca7a\" data-element_type=\"widget\" data-widget_type=\"text-editor.default\">\n\t\t\t\t<div class=\"elementor-widget-container\">\n\t\t\t\t\t\t\t<ul><li><span style=\"color: #333f70; caret-color: #333f70;\">Ficha catastral de la finca donde se pretende hacer la suelta. <\/span><\/li><li><span style=\"color: #333f70; caret-color: #333f70;\">Permiso por escrito del due\u00f1o (titular) de la finca. <\/span><\/li><li><span style=\"color: #333f70; caret-color: #333f70;\">Ficha de procedencia de las mariquitas que se pretenden soltar (normalmente se puede obtener en la empresa donde se va a realizar la compra de las larvas una vez que fuese aprobada la solicitud)<\/span><\/li><\/ul>\t\t\t\t\t\t<\/div>\n\t\t\t\t<\/div>\n\t\t\t\t\t<\/div>\n\t\t<\/div>\n\t\t\t\t\t\t\t<\/div>\n\t\t<\/section>\n\t\t\t\t<section class=\"elementor-section elementor-top-section elementor-element elementor-element-22f4c1a elementor-section-boxed elementor-section-height-default elementor-section-height-default\" data-id=\"22f4c1a\" data-element_type=\"section\">\n\t\t\t\t\t\t<div class=\"elementor-container elementor-column-gap-default\">\n\t\t\t\t\t<div class=\"elementor-column elementor-col-100 elementor-top-column elementor-element elementor-element-0a6dc26\" data-id=\"0a6dc26\" data-element_type=\"column\">\n\t\t\t<div class=\"elementor-widget-wrap elementor-element-populated\">\n\t\t\t\t\t\t\t\t<div class=\"elementor-element elementor-element-ce3c0dc elementor-widget elementor-widget-text-editor\" data-id=\"ce3c0dc\" data-element_type=\"widget\" data-widget_type=\"text-editor.default\">\n\t\t\t\t<div class=\"elementor-widget-container\">\n\t\t\t\t\t\t\t<p><span style=\"color: #333f70; caret-color: #333f70;\">Si se contara entonces con la autorizaci\u00f3n por escrito de Montes y Biodiversidad, se podr\u00eda realizar la suelta de mariquitas, avisando con al menos cinco d\u00edas de antelaci\u00f3n a los tel\u00e9fonos que se nos proporcionan en la misma autorizaci\u00f3n. Esta fue mi experiencia durante la realizaci\u00f3n del reportaje de investigaci\u00f3n.<\/span><\/p>\t\t\t\t\t\t<\/div>\n\t\t\t\t<\/div>\n\t\t\t\t\t<\/div>\n\t\t<\/div>\n\t\t\t\t\t\t\t<\/div>\n\t\t<\/section>\n\t\t\t\t<section class=\"elementor-section elementor-top-section elementor-element elementor-element-d5e7086 elementor-section-boxed elementor-section-height-default elementor-section-height-default\" data-id=\"d5e7086\" data-element_type=\"section\">\n\t\t\t\t\t\t<div class=\"elementor-container elementor-column-gap-default\">\n\t\t\t\t\t<div class=\"elementor-column elementor-col-100 elementor-top-column elementor-element elementor-element-4bf801f\" data-id=\"4bf801f\" data-element_type=\"column\">\n\t\t\t<div class=\"elementor-widget-wrap elementor-element-populated\">\n\t\t\t\t\t\t\t\t<div class=\"elementor-element elementor-element-1c6945e elementor-view-stacked elementor-shape-circle elementor-invisible elementor-widget elementor-widget-icon\" data-id=\"1c6945e\" data-element_type=\"widget\" data-settings=\"{&quot;_animation&quot;:&quot;fadeInRight&quot;}\" data-widget_type=\"icon.default\">\n\t\t\t\t<div class=\"elementor-widget-container\">\n\t\t\t\t\t<div class=\"elementor-icon-wrapper\">\n\t\t\t<a class=\"elementor-icon\" href=\"https:\/\/diegodevallejo.com\/index.php\/mariquitasypulgones\/\">\n\t\t\t<i aria-hidden=\"true\" class=\"fas fa-step-backward\"><\/i>\t\t\t<\/a>\n\t\t<\/div>\n\t\t\t\t<\/div>\n\t\t\t\t<\/div>\n\t\t\t\t\t<\/div>\n\t\t<\/div>\n\t\t\t\t\t\t\t<\/div>\n\t\t<\/section>\n\t\t\t\t\t\t\t<\/div>\n\t\t","protected":false},"excerpt":{"rendered":"<p>Permiso para la liberaci\u00f3n de larvas de mariquita en Cantabria Por lo que he podido comprobar, para solicitar un permiso de liberaci\u00f3n de larvas de mariquita en el territorio de Cantabria, es necesario mandar una solicitud formal por registro electr\u00f3nico a la Direcci\u00f3n General de Montes y Biodiversidad. En dicha solicitud se deben incorporar los&hellip; <a class=\"more-link\" href=\"https:\/\/diegodevallejo.com\/index.php\/permisomariquitascantabria\/\">Continue reading <span class=\"screen-reader-text\">Untitled<\/span><\/a><\/p>\n","protected":false},"author":1,"featured_media":2746,"parent":0,"menu_order":0,"comment_status":"closed","ping_status":"closed","template":"elementor_canvas","meta":[],"yoast_head":"<!-- This site is optimized with the Yoast SEO plugin v20.5 - https:\/\/yoast.com\/wordpress\/plugins\/seo\/ -->\n<title>- diegodevallejo.com<\/title>\n<meta name=\"robots\" content=\"index, follow, max-snippet:-1, max-image-preview:large, max-video-preview:-1\" \/>\n<link rel=\"canonical\" href=\"https:\/\/diegodevallejo.com\/index.php\/permisomariquitascantabria\/\" \/>\n<meta property=\"og:locale\" content=\"en_US\" \/>\n<meta property=\"og:type\" content=\"article\" \/>\n<meta property=\"og:title\" content=\"- diegodevallejo.com\" \/>\n<meta property=\"og:description\" content=\"Permiso para la liberaci\u00f3n de larvas de mariquita en Cantabria Por lo que he podido comprobar, para solicitar un permiso de liberaci\u00f3n de larvas de mariquita en el territorio de Cantabria, es necesario mandar una solicitud formal por registro electr\u00f3nico a la Direcci\u00f3n General de Montes y Biodiversidad. En dicha solicitud se deben incorporar los&hellip; Continue reading Untitled\" \/>\n<meta property=\"og:url\" content=\"https:\/\/diegodevallejo.com\/index.php\/permisomariquitascantabria\/\" \/>\n<meta property=\"og:site_name\" content=\"diegodevallejo.com\" \/>\n<meta property=\"article:modified_time\" content=\"2025-10-09T09:07:28+00:00\" \/>\n<meta property=\"og:image\" content=\"http:\/\/diegodevallejo.com\/wp-content\/uploads\/2025\/10\/cajas-nido-para-mariquitas-1024x576.png\" \/>\n\t<meta property=\"og:image:width\" content=\"1024\" \/>\n\t<meta property=\"og:image:height\" content=\"576\" \/>\n\t<meta property=\"og:image:type\" content=\"image\/png\" \/>\n<meta name=\"twitter:card\" content=\"summary_large_image\" \/>\n<meta name=\"twitter:label1\" content=\"Est. reading time\" \/>\n\t<meta name=\"twitter:data1\" content=\"1 minute\" \/>\n<script type=\"application\/ld+json\" class=\"yoast-schema-graph\">{\"@context\":\"https:\/\/schema.org\",\"@graph\":[{\"@type\":\"WebPage\",\"@id\":\"https:\/\/diegodevallejo.com\/index.php\/permisomariquitascantabria\/\",\"url\":\"https:\/\/diegodevallejo.com\/index.php\/permisomariquitascantabria\/\",\"name\":\"- diegodevallejo.com\",\"isPartOf\":{\"@id\":\"https:\/\/diegodevallejo.com\/#website\"},\"datePublished\":\"2025-10-09T08:55:57+00:00\",\"dateModified\":\"2025-10-09T09:07:28+00:00\",\"breadcrumb\":{\"@id\":\"https:\/\/diegodevallejo.com\/index.php\/permisomariquitascantabria\/#breadcrumb\"},\"inLanguage\":\"en-US\",\"potentialAction\":[{\"@type\":\"ReadAction\",\"target\":[\"https:\/\/diegodevallejo.com\/index.php\/permisomariquitascantabria\/\"]}]},{\"@type\":\"BreadcrumbList\",\"@id\":\"https:\/\/diegodevallejo.com\/index.php\/permisomariquitascantabria\/#breadcrumb\",\"itemListElement\":[{\"@type\":\"ListItem\",\"position\":1,\"name\":\"Portada\",\"item\":\"https:\/\/diegodevallejo.com\/\"},{\"@type\":\"ListItem\",\"position\":2,\"name\":\"Untitled\"}]},{\"@type\":\"WebSite\",\"@id\":\"https:\/\/diegodevallejo.com\/#website\",\"url\":\"https:\/\/diegodevallejo.com\/\",\"name\":\"diegodevallejo.com\",\"description\":\"P\u00e1gina oficial de la empresa de formaci\u00f3n y divulgaci\u00f3n ambiental &quot;Poty Ambienturas&quot;\",\"publisher\":{\"@id\":\"https:\/\/diegodevallejo.com\/#organization\"},\"potentialAction\":[{\"@type\":\"SearchAction\",\"target\":{\"@type\":\"EntryPoint\",\"urlTemplate\":\"https:\/\/diegodevallejo.com\/?s={search_term_string}\"},\"query-input\":\"required name=search_term_string\"}],\"inLanguage\":\"en-US\"},{\"@type\":\"Organization\",\"@id\":\"https:\/\/diegodevallejo.com\/#organization\",\"name\":\"diegodevallejo.com\",\"url\":\"https:\/\/diegodevallejo.com\/\",\"logo\":{\"@type\":\"ImageObject\",\"inLanguage\":\"en-US\",\"@id\":\"https:\/\/diegodevallejo.com\/#\/schema\/logo\/image\/\",\"url\":\"https:\/\/diegodevallejo.com\/wp-content\/uploads\/2023\/04\/cropped-potyambienturas-removebg-preview.png\",\"contentUrl\":\"https:\/\/diegodevallejo.com\/wp-content\/uploads\/2023\/04\/cropped-potyambienturas-removebg-preview.png\",\"width\":176,\"height\":176,\"caption\":\"diegodevallejo.com\"},\"image\":{\"@id\":\"https:\/\/diegodevallejo.com\/#\/schema\/logo\/image\/\"}}]}<\/script>\n<!-- \/ Yoast SEO plugin. -->","yoast_head_json":{"title":"- diegodevallejo.com","robots":{"index":"index","follow":"follow","max-snippet":"max-snippet:-1","max-image-preview":"max-image-preview:large","max-video-preview":"max-video-preview:-1"},"canonical":"https:\/\/diegodevallejo.com\/index.php\/permisomariquitascantabria\/","og_locale":"en_US","og_type":"article","og_title":"- diegodevallejo.com","og_description":"Permiso para la liberaci\u00f3n de larvas de mariquita en Cantabria Por lo que he podido comprobar, para solicitar un permiso de liberaci\u00f3n de larvas de mariquita en el territorio de Cantabria, es necesario mandar una solicitud formal por registro electr\u00f3nico a la Direcci\u00f3n General de Montes y Biodiversidad. En dicha solicitud se deben incorporar los&hellip; Continue reading Untitled","og_url":"https:\/\/diegodevallejo.com\/index.php\/permisomariquitascantabria\/","og_site_name":"diegodevallejo.com","article_modified_time":"2025-10-09T09:07:28+00:00","og_image":[{"width":1024,"height":576,"url":"http:\/\/diegodevallejo.com\/wp-content\/uploads\/2025\/10\/cajas-nido-para-mariquitas-1024x576.png","type":"image\/png"}],"twitter_card":"summary_large_image","twitter_misc":{"Est. reading time":"1 minute"},"schema":{"@context":"https:\/\/schema.org","@graph":[{"@type":"WebPage","@id":"https:\/\/diegodevallejo.com\/index.php\/permisomariquitascantabria\/","url":"https:\/\/diegodevallejo.com\/index.php\/permisomariquitascantabria\/","name":"- diegodevallejo.com","isPartOf":{"@id":"https:\/\/diegodevallejo.com\/#website"},"datePublished":"2025-10-09T08:55:57+00:00","dateModified":"2025-10-09T09:07:28+00:00","breadcrumb":{"@id":"https:\/\/diegodevallejo.com\/index.php\/permisomariquitascantabria\/#breadcrumb"},"inLanguage":"en-US","potentialAction":[{"@type":"ReadAction","target":["https:\/\/diegodevallejo.com\/index.php\/permisomariquitascantabria\/"]}]},{"@type":"BreadcrumbList","@id":"https:\/\/diegodevallejo.com\/index.php\/permisomariquitascantabria\/#breadcrumb","itemListElement":[{"@type":"ListItem","position":1,"name":"Portada","item":"https:\/\/diegodevallejo.com\/"},{"@type":"ListItem","position":2,"name":"Untitled"}]},{"@type":"WebSite","@id":"https:\/\/diegodevallejo.com\/#website","url":"https:\/\/diegodevallejo.com\/","name":"diegodevallejo.com","description":"P\u00e1gina oficial de la empresa de formaci\u00f3n y divulgaci\u00f3n ambiental &quot;Poty Ambienturas&quot;","publisher":{"@id":"https:\/\/diegodevallejo.com\/#organization"},"potentialAction":[{"@type":"SearchAction","target":{"@type":"EntryPoint","urlTemplate":"https:\/\/diegodevallejo.com\/?s={search_term_string}"},"query-input":"required name=search_term_string"}],"inLanguage":"en-US"},{"@type":"Organization","@id":"https:\/\/diegodevallejo.com\/#organization","name":"diegodevallejo.com","url":"https:\/\/diegodevallejo.com\/","logo":{"@type":"ImageObject","inLanguage":"en-US","@id":"https:\/\/diegodevallejo.com\/#\/schema\/logo\/image\/","url":"https:\/\/diegodevallejo.com\/wp-content\/uploads\/2023\/04\/cropped-potyambienturas-removebg-preview.png","contentUrl":"https:\/\/diegodevallejo.com\/wp-content\/uploads\/2023\/04\/cropped-potyambienturas-removebg-preview.png","width":176,"height":176,"caption":"diegodevallejo.com"},"image":{"@id":"https:\/\/diegodevallejo.com\/#\/schema\/logo\/image\/"}}]}},"_links":{"self":[{"href":"https:\/\/diegodevallejo.com\/index.php\/wp-json\/wp\/v2\/pages\/2744"}],"collection":[{"href":"https:\/\/diegodevallejo.com\/index.php\/wp-json\/wp\/v2\/pages"}],"about":[{"href":"https:\/\/diegodevallejo.com\/index.php\/wp-json\/wp\/v2\/types\/page"}],"author":[{"embeddable":true,"href":"https:\/\/diegodevallejo.com\/index.php\/wp-json\/wp\/v2\/users\/1"}],"replies":[{"embeddable":true,"href":"https:\/\/diegodevallejo.com\/index.php\/wp-json\/wp\/v2\/comments?post=2744"}],"version-history":[{"count":14,"href":"https:\/\/diegodevallejo.com\/index.php\/wp-json\/wp\/v2\/pages\/2744\/revisions"}],"predecessor-version":[{"id":2759,"href":"https:\/\/diegodevallejo.com\/index.php\/wp-json\/wp\/v2\/pages\/2744\/revisions\/2759"}],"wp:featuredmedia":[{"embeddable":true,"href":"https:\/\/diegodevallejo.com\/index.php\/wp-json\/wp\/v2\/media\/2746"}],"wp:attachment":[{"href":"https:\/\/diegodevallejo.com\/index.php\/wp-json\/wp\/v2\/media?parent=2744"}],"curies":[{"name":"wp","href":"https:\/\/api.w.org\/{rel}","templated":true}]}}