{"id":440,"date":"2023-04-18T22:22:25","date_gmt":"2023-04-18T22:22:25","guid":{"rendered":"https:\/\/diegodevallejo.com\/?page_id=440"},"modified":"2024-05-06T10:16:18","modified_gmt":"2024-05-06T10:16:18","slug":"accesibilidad","status":"publish","type":"page","link":"https:\/\/diegodevallejo.com\/index.php\/accesibilidad\/","title":{"rendered":"Accesibilidad"},"content":{"rendered":"\t\t<div data-elementor-type=\"wp-page\" data-elementor-id=\"440\" class=\"elementor elementor-440\">\n\t\t\t\t\t\t\t\t\t<section class=\"elementor-section elementor-top-section elementor-element elementor-element-33a6c0a elementor-section-boxed elementor-section-height-default elementor-section-height-default\" data-id=\"33a6c0a\" data-element_type=\"section\">\n\t\t\t\t\t\t<div class=\"elementor-container elementor-column-gap-default\">\n\t\t\t\t\t<div class=\"elementor-column elementor-col-100 elementor-top-column elementor-element elementor-element-906a7d5\" data-id=\"906a7d5\" data-element_type=\"column\">\n\t\t\t<div class=\"elementor-widget-wrap\">\n\t\t\t\t\t\t\t\t\t<\/div>\n\t\t<\/div>\n\t\t\t\t\t\t\t<\/div>\n\t\t<\/section>\n\t\t\t\t<section class=\"elementor-section elementor-top-section elementor-element elementor-element-e3f2db7 elementor-section-boxed elementor-section-height-default elementor-section-height-default\" data-id=\"e3f2db7\" data-element_type=\"section\">\n\t\t\t\t\t\t<div class=\"elementor-container elementor-column-gap-default\">\n\t\t\t\t\t<div class=\"elementor-column elementor-col-100 elementor-top-column elementor-element elementor-element-b63103a\" data-id=\"b63103a\" data-element_type=\"column\">\n\t\t\t<div class=\"elementor-widget-wrap\">\n\t\t\t\t\t\t\t\t\t<\/div>\n\t\t<\/div>\n\t\t\t\t\t\t\t<\/div>\n\t\t<\/section>\n\t\t\t\t<section class=\"elementor-section elementor-top-section elementor-element elementor-element-b33a727 elementor-section-boxed elementor-section-height-default elementor-section-height-default\" data-id=\"b33a727\" data-element_type=\"section\">\n\t\t\t\t\t\t<div class=\"elementor-container elementor-column-gap-default\">\n\t\t\t\t\t<div class=\"elementor-column elementor-col-100 elementor-top-column elementor-element elementor-element-86f1721\" data-id=\"86f1721\" data-element_type=\"column\">\n\t\t\t<div class=\"elementor-widget-wrap elementor-element-populated\">\n\t\t\t\t\t\t\t\t<div class=\"elementor-element elementor-element-565d885 elementor-widget elementor-widget-text-editor\" data-id=\"565d885\" data-element_type=\"widget\" data-widget_type=\"text-editor.default\">\n\t\t\t\t<div class=\"elementor-widget-container\">\n\t\t\t<style>\/*! elementor - v3.12.1 - 02-04-2023 *\/\n.elementor-widget-text-editor.elementor-drop-cap-view-stacked .elementor-drop-cap{background-color:#69727d;color:#fff}.elementor-widget-text-editor.elementor-drop-cap-view-framed .elementor-drop-cap{color:#69727d;border:3px solid;background-color:transparent}.elementor-widget-text-editor:not(.elementor-drop-cap-view-default) .elementor-drop-cap{margin-top:8px}.elementor-widget-text-editor:not(.elementor-drop-cap-view-default) .elementor-drop-cap-letter{width:1em;height:1em}.elementor-widget-text-editor .elementor-drop-cap{float:left;text-align:center;line-height:1;font-size:50px}.elementor-widget-text-editor .elementor-drop-cap-letter{display:inline-block}<\/style>\t\t\t\t<div class=\"elementor-element elementor-element-75dfccf elementor-widget elementor-widget-heading\" data-id=\"75dfccf\" data-element_type=\"widget\" data-widget_type=\"heading.default\">\n<div class=\"elementor-widget-container\">\n<h1 class=\"elementor-heading-title elementor-size-default\">Declaraci\u00f3n de accesibilidad<\/h1>\n<\/div>\n<\/div>\n<div class=\"elementor-element elementor-element-17ee95e elementor-widget elementor-widget-text-editor\" data-id=\"17ee95e\" data-element_type=\"widget\" data-widget_type=\"text-editor.default\">\n<div class=\"elementor-widget-container\">\n<div class=\"elementor-text-editor elementor-clearfix\">\n<div aria-labelledby=\"i4t-id-11\" data-insuit-uuid=\"a5b599cc-1df0-471b-afa5-66dab818e356\">\n<p>Los criterios adoptados para conseguir una mayor accesibilidad de la Web de&nbsp;<strong>Diego<\/strong>&nbsp;se basan en las directrices&nbsp;<strong>WCAG\/WAI<\/strong>&nbsp;fijadas por el&nbsp;<strong><em>World Wide Web Consortium<\/em>&nbsp;(W3C)<\/strong>, que es la organizaci\u00f3n de car\u00e1cter supranacional que se encarga de la supervisi\u00f3n de las tecnolog\u00edas y la adopci\u00f3n de los est\u00e1ndares de Internet. En este sentido el desarrollo de la Web de&nbsp;<strong>Diego<\/strong>&nbsp;se ha basado en el cumplimiento de las&nbsp;<strong>Pautas de accesibilidad para el Contenido<\/strong>&nbsp;en la web de la WCAG&nbsp; 2.1 del W3C-WAI en su nivel de exigencia AA con el&nbsp;<a class=\"ext\" href=\"https:\/\/www.boe.es\/diario_boe\/txt.php?id=BOE-A-2018-12699\" target=\"_blank\" rel=\"noopener noreferrer\" data-extlink=\"\">RD 1112\/2018<\/a>.<\/p>\n<p><strong>ConexionoS.L.<\/strong>, se ha encargado de realizar una auditor\u00eda de accesibilidad&nbsp; seg\u00fan los requisitos de las WCAG 2.1. en su nivel AA.<\/p>\n<\/div>\n<div data-insuit-uuid=\"c1341add-bb88-41a0-a0b8-bd6ba357c336\">\n<p>La presente declaraci\u00f3n de accesibilidad se aplica al sitio web https:\/\/diegodevallejo.com\/&nbsp;excluyendo los contenidos incrustados provenientes de otros dominios.<\/p>\n<\/div>\n<div role=\"region\" aria-labelledby=\"i4t-id-7\" data-insuit-uuid=\"a49caaf0-cf79-4cde-9d94-6656af9d81a7\" aria-label=\"Situaci\u00f3n actual\">\n<h2><strong>Situaci\u00f3n actual<\/strong><\/h2>\n<p>Algunas de las funcionalidades implementadas en el sitio web https:\/\/diegodevallejo.com\/ , para permitir una mayor accesibilidad a sus contenidos son:<\/p>\n<ul>\n<li>Las&nbsp;<strong>caracter\u00edsticas visuales<\/strong>&nbsp;del portal (tipo de letra, color de fuente y fondo, etc.) se definen mediante la hoja de estilos para que el usuario pueda&nbsp;<strong>ajustar el texto a sus preferencias<\/strong>.<\/li>\n<li>Los tama\u00f1os de las&nbsp;<strong>fuentes&nbsp;<\/strong>se han definido con&nbsp;<strong>unidades relativas<\/strong>&nbsp;para que pueda ampliar o disminuir el tama\u00f1o de la fuente desde las opciones del navegador.<\/li>\n<li>Si un usuario accede a la p\u00e1gina con un navegador que no soporta hoja de estilos, no supondr\u00e1 una dificultad, ya que de igual manera se puede acceder a todos los contenidos con la CSS desactivada.<\/li>\n<li>Las p\u00e1ginas tienen una estructura clara tanto para el usuario que puede ver todo el contenido, como para el que lee la informaci\u00f3n con un lector de pantalla, usuarios que desactivan la hoja de estilos, etc.<\/li>\n<li>El c\u00f3digo HTML y CSS empleado se ajusta a las gram\u00e1ticas formales para garantizar la correcta visualizaci\u00f3n de los contenidos en distintos navegadores.<\/li>\n<\/ul>\n<\/div>\n<div role=\"region\" aria-labelledby=\"i4t-id-8\" data-insuit-uuid=\"b7ed7aae-e336-45c5-880e-684ecf430ec2\" aria-label=\"Preparaci\u00f3n de la presente declaraci\u00f3n de accesibilidad\">\n<h2><strong>Preparaci\u00f3n de la presente declaraci\u00f3n de accesibilidad<\/strong><\/h2>\n<p class=\"section-pStrong-wrap-1\">La presente declaraci\u00f3n fue preparada el 6 de mayo de 2024<\/p>\n<p class=\"section-pStrong-wrap-2\">El m\u00e9todo empleado para preparar la declaraci\u00f3n ha sido una auditor\u00eda de accesibilidad llevada a cabo por la empresa&nbsp;<strong>Conexiono&nbsp; S.L.<\/strong>&nbsp;el 19<strong>\/04\/2023<\/strong>.<\/p>\n<p class=\"section-pStrong-wrap-3\">\u00daltima revisi\u00f3n de la declaraci\u00f3n: 6<strong>&nbsp;de&nbsp; mayo de 2024<\/strong>.<\/p>\n<p>El resultado de la auditor\u00eda ha sido parcialmente conforme seg\u00fan los requisitos de las WCAG 2.1 en su nivel AA conforme con con el&nbsp;<a class=\"ext\" href=\"https:\/\/www.boe.es\/diario_boe\/txt.php?id=BOE-A-2018-12699\" target=\"_blank\" rel=\"noopener noreferrer\" data-extlink=\"\">RD 1112\/2018<\/a>, lo que refleja el cumplimiento del nivel de accesibilidad exigido por la legislaci\u00f3n vigente.<\/p>\n<p>Pueden aportar sugerencias o peticiones sobre accesibilidad web a trav\u00e9s de la p\u00e1gina de contacto:&nbsp;<a href=\"https:\/\/diegodevallejo.com\/contacto\" data-insuit-uuid=\"89003622-3098-4a6f-ae7c-27e5b23b3b03\">contactar<\/a><\/p>\n<\/div>\n<\/div>\n<\/div>\n<\/div>\t\t\t\t\t\t<\/div>\n\t\t\t\t<\/div>\n\t\t\t\t\t<\/div>\n\t\t<\/div>\n\t\t\t\t\t\t\t<\/div>\n\t\t<\/section>\n\t\t\t\t\t\t\t<\/div>\n\t\t","protected":false},"excerpt":{"rendered":"<p>Declaraci\u00f3n de accesibilidad Los criterios adoptados para conseguir una mayor accesibilidad de la Web de&nbsp;Diego&nbsp;se basan en las directrices&nbsp;WCAG\/WAI&nbsp;fijadas por el&nbsp;World Wide Web Consortium&nbsp;(W3C), que es la organizaci\u00f3n de car\u00e1cter supranacional que se encarga de la supervisi\u00f3n de las tecnolog\u00edas y la adopci\u00f3n de los est\u00e1ndares de Internet. En este sentido el desarrollo de la&hellip; <a class=\"more-link\" href=\"https:\/\/diegodevallejo.com\/index.php\/accesibilidad\/\">Continue reading <span class=\"screen-reader-text\">Accesibilidad<\/span><\/a><\/p>\n","protected":false},"author":1,"featured_media":0,"parent":0,"menu_order":0,"comment_status":"closed","ping_status":"closed","template":"elementor_header_footer","meta":[],"yoast_head":"<!-- This site is optimized with the Yoast SEO plugin v20.5 - https:\/\/yoast.com\/wordpress\/plugins\/seo\/ -->\n<title>Accesibilidad - diegodevallejo.com<\/title>\n<meta name=\"robots\" content=\"index, follow, max-snippet:-1, max-image-preview:large, max-video-preview:-1\" \/>\n<link rel=\"canonical\" href=\"https:\/\/diegodevallejo.com\/index.php\/accesibilidad\/\" \/>\n<meta property=\"og:locale\" content=\"en_US\" \/>\n<meta property=\"og:type\" content=\"article\" \/>\n<meta property=\"og:title\" content=\"Accesibilidad - diegodevallejo.com\" \/>\n<meta property=\"og:description\" content=\"Declaraci\u00f3n de accesibilidad Los criterios adoptados para conseguir una mayor accesibilidad de la Web de&nbsp;Diego&nbsp;se basan en las directrices&nbsp;WCAG\/WAI&nbsp;fijadas por el&nbsp;World Wide Web Consortium&nbsp;(W3C), que es la organizaci\u00f3n de car\u00e1cter supranacional que se encarga de la supervisi\u00f3n de las tecnolog\u00edas y la adopci\u00f3n de los est\u00e1ndares de Internet. En este sentido el desarrollo de la&hellip; Continue reading Accesibilidad\" \/>\n<meta property=\"og:url\" content=\"https:\/\/diegodevallejo.com\/index.php\/accesibilidad\/\" \/>\n<meta property=\"og:site_name\" content=\"diegodevallejo.com\" \/>\n<meta property=\"article:modified_time\" content=\"2024-05-06T10:16:18+00:00\" \/>\n<meta name=\"twitter:card\" content=\"summary_large_image\" \/>\n<meta name=\"twitter:label1\" content=\"Est. reading time\" \/>\n\t<meta name=\"twitter:data1\" content=\"4 minutes\" \/>\n<script type=\"application\/ld+json\" class=\"yoast-schema-graph\">{\"@context\":\"https:\/\/schema.org\",\"@graph\":[{\"@type\":\"WebPage\",\"@id\":\"https:\/\/diegodevallejo.com\/index.php\/accesibilidad\/\",\"url\":\"https:\/\/diegodevallejo.com\/index.php\/accesibilidad\/\",\"name\":\"Accesibilidad - diegodevallejo.com\",\"isPartOf\":{\"@id\":\"https:\/\/diegodevallejo.com\/#website\"},\"datePublished\":\"2023-04-18T22:22:25+00:00\",\"dateModified\":\"2024-05-06T10:16:18+00:00\",\"breadcrumb\":{\"@id\":\"https:\/\/diegodevallejo.com\/index.php\/accesibilidad\/#breadcrumb\"},\"inLanguage\":\"en-US\",\"potentialAction\":[{\"@type\":\"ReadAction\",\"target\":[\"https:\/\/diegodevallejo.com\/index.php\/accesibilidad\/\"]}]},{\"@type\":\"BreadcrumbList\",\"@id\":\"https:\/\/diegodevallejo.com\/index.php\/accesibilidad\/#breadcrumb\",\"itemListElement\":[{\"@type\":\"ListItem\",\"position\":1,\"name\":\"Portada\",\"item\":\"https:\/\/diegodevallejo.com\/\"},{\"@type\":\"ListItem\",\"position\":2,\"name\":\"Accesibilidad\"}]},{\"@type\":\"WebSite\",\"@id\":\"https:\/\/diegodevallejo.com\/#website\",\"url\":\"https:\/\/diegodevallejo.com\/\",\"name\":\"diegodevallejo.com\",\"description\":\"P\u00e1gina oficial de la empresa de formaci\u00f3n y divulgaci\u00f3n ambiental &quot;Poty Ambienturas&quot;\",\"publisher\":{\"@id\":\"https:\/\/diegodevallejo.com\/#organization\"},\"potentialAction\":[{\"@type\":\"SearchAction\",\"target\":{\"@type\":\"EntryPoint\",\"urlTemplate\":\"https:\/\/diegodevallejo.com\/?s={search_term_string}\"},\"query-input\":\"required name=search_term_string\"}],\"inLanguage\":\"en-US\"},{\"@type\":\"Organization\",\"@id\":\"https:\/\/diegodevallejo.com\/#organization\",\"name\":\"diegodevallejo.com\",\"url\":\"https:\/\/diegodevallejo.com\/\",\"logo\":{\"@type\":\"ImageObject\",\"inLanguage\":\"en-US\",\"@id\":\"https:\/\/diegodevallejo.com\/#\/schema\/logo\/image\/\",\"url\":\"https:\/\/diegodevallejo.com\/wp-content\/uploads\/2023\/04\/cropped-potyambienturas-removebg-preview.png\",\"contentUrl\":\"https:\/\/diegodevallejo.com\/wp-content\/uploads\/2023\/04\/cropped-potyambienturas-removebg-preview.png\",\"width\":176,\"height\":176,\"caption\":\"diegodevallejo.com\"},\"image\":{\"@id\":\"https:\/\/diegodevallejo.com\/#\/schema\/logo\/image\/\"}}]}<\/script>\n<!-- \/ Yoast SEO plugin. -->","yoast_head_json":{"title":"Accesibilidad - diegodevallejo.com","robots":{"index":"index","follow":"follow","max-snippet":"max-snippet:-1","max-image-preview":"max-image-preview:large","max-video-preview":"max-video-preview:-1"},"canonical":"https:\/\/diegodevallejo.com\/index.php\/accesibilidad\/","og_locale":"en_US","og_type":"article","og_title":"Accesibilidad - diegodevallejo.com","og_description":"Declaraci\u00f3n de accesibilidad Los criterios adoptados para conseguir una mayor accesibilidad de la Web de&nbsp;Diego&nbsp;se basan en las directrices&nbsp;WCAG\/WAI&nbsp;fijadas por el&nbsp;World Wide Web Consortium&nbsp;(W3C), que es la organizaci\u00f3n de car\u00e1cter supranacional que se encarga de la supervisi\u00f3n de las tecnolog\u00edas y la adopci\u00f3n de los est\u00e1ndares de Internet. En este sentido el desarrollo de la&hellip; Continue reading Accesibilidad","og_url":"https:\/\/diegodevallejo.com\/index.php\/accesibilidad\/","og_site_name":"diegodevallejo.com","article_modified_time":"2024-05-06T10:16:18+00:00","twitter_card":"summary_large_image","twitter_misc":{"Est. reading time":"4 minutes"},"schema":{"@context":"https:\/\/schema.org","@graph":[{"@type":"WebPage","@id":"https:\/\/diegodevallejo.com\/index.php\/accesibilidad\/","url":"https:\/\/diegodevallejo.com\/index.php\/accesibilidad\/","name":"Accesibilidad - diegodevallejo.com","isPartOf":{"@id":"https:\/\/diegodevallejo.com\/#website"},"datePublished":"2023-04-18T22:22:25+00:00","dateModified":"2024-05-06T10:16:18+00:00","breadcrumb":{"@id":"https:\/\/diegodevallejo.com\/index.php\/accesibilidad\/#breadcrumb"},"inLanguage":"en-US","potentialAction":[{"@type":"ReadAction","target":["https:\/\/diegodevallejo.com\/index.php\/accesibilidad\/"]}]},{"@type":"BreadcrumbList","@id":"https:\/\/diegodevallejo.com\/index.php\/accesibilidad\/#breadcrumb","itemListElement":[{"@type":"ListItem","position":1,"name":"Portada","item":"https:\/\/diegodevallejo.com\/"},{"@type":"ListItem","position":2,"name":"Accesibilidad"}]},{"@type":"WebSite","@id":"https:\/\/diegodevallejo.com\/#website","url":"https:\/\/diegodevallejo.com\/","name":"diegodevallejo.com","description":"P\u00e1gina oficial de la empresa de formaci\u00f3n y divulgaci\u00f3n ambiental &quot;Poty Ambienturas&quot;","publisher":{"@id":"https:\/\/diegodevallejo.com\/#organization"},"potentialAction":[{"@type":"SearchAction","target":{"@type":"EntryPoint","urlTemplate":"https:\/\/diegodevallejo.com\/?s={search_term_string}"},"query-input":"required name=search_term_string"}],"inLanguage":"en-US"},{"@type":"Organization","@id":"https:\/\/diegodevallejo.com\/#organization","name":"diegodevallejo.com","url":"https:\/\/diegodevallejo.com\/","logo":{"@type":"ImageObject","inLanguage":"en-US","@id":"https:\/\/diegodevallejo.com\/#\/schema\/logo\/image\/","url":"https:\/\/diegodevallejo.com\/wp-content\/uploads\/2023\/04\/cropped-potyambienturas-removebg-preview.png","contentUrl":"https:\/\/diegodevallejo.com\/wp-content\/uploads\/2023\/04\/cropped-potyambienturas-removebg-preview.png","width":176,"height":176,"caption":"diegodevallejo.com"},"image":{"@id":"https:\/\/diegodevallejo.com\/#\/schema\/logo\/image\/"}}]}},"_links":{"self":[{"href":"https:\/\/diegodevallejo.com\/index.php\/wp-json\/wp\/v2\/pages\/440"}],"collection":[{"href":"https:\/\/diegodevallejo.com\/index.php\/wp-json\/wp\/v2\/pages"}],"about":[{"href":"https:\/\/diegodevallejo.com\/index.php\/wp-json\/wp\/v2\/types\/page"}],"author":[{"embeddable":true,"href":"https:\/\/diegodevallejo.com\/index.php\/wp-json\/wp\/v2\/users\/1"}],"replies":[{"embeddable":true,"href":"https:\/\/diegodevallejo.com\/index.php\/wp-json\/wp\/v2\/comments?post=440"}],"version-history":[{"count":7,"href":"https:\/\/diegodevallejo.com\/index.php\/wp-json\/wp\/v2\/pages\/440\/revisions"}],"predecessor-version":[{"id":1991,"href":"https:\/\/diegodevallejo.com\/index.php\/wp-json\/wp\/v2\/pages\/440\/revisions\/1991"}],"wp:attachment":[{"href":"https:\/\/diegodevallejo.com\/index.php\/wp-json\/wp\/v2\/media?parent=440"}],"curies":[{"name":"wp","href":"https:\/\/api.w.org\/{rel}","templated":true}]}}