{"id":890,"date":"2023-05-21T22:13:30","date_gmt":"2023-05-21T22:13:30","guid":{"rendered":"https:\/\/diegodevallejo.com\/?page_id=890"},"modified":"2023-05-21T22:35:59","modified_gmt":"2023-05-21T22:35:59","slug":"preguntas-taller-de-cajas-nido","status":"publish","type":"page","link":"https:\/\/diegodevallejo.com\/index.php\/preguntas-taller-de-cajas-nido\/","title":{"rendered":"Preguntas frecuentes taller de cajas nido"},"content":{"rendered":"\t\t<div data-elementor-type=\"wp-page\" data-elementor-id=\"890\" class=\"elementor elementor-890\">\n\t\t\t\t\t\t\t\t\t<section class=\"elementor-section elementor-top-section elementor-element elementor-element-44be2da elementor-section-boxed elementor-section-height-default elementor-section-height-default\" data-id=\"44be2da\" data-element_type=\"section\">\n\t\t\t\t\t\t<div class=\"elementor-container elementor-column-gap-default\">\n\t\t\t\t\t<div class=\"elementor-column elementor-col-100 elementor-top-column elementor-element elementor-element-f4e0e37\" data-id=\"f4e0e37\" data-element_type=\"column\">\n\t\t\t<div class=\"elementor-widget-wrap elementor-element-populated\">\n\t\t\t\t\t\t\t\t<div class=\"elementor-element elementor-element-58d8a15 elementor-widget elementor-widget-heading\" data-id=\"58d8a15\" data-element_type=\"widget\" data-widget_type=\"heading.default\">\n\t\t\t\t<div class=\"elementor-widget-container\">\n\t\t\t<style>\/*! elementor - v3.12.1 - 02-04-2023 *\/\n.elementor-heading-title{padding:0;margin:0;line-height:1}.elementor-widget-heading .elementor-heading-title[class*=elementor-size-]>a{color:inherit;font-size:inherit;line-height:inherit}.elementor-widget-heading .elementor-heading-title.elementor-size-small{font-size:15px}.elementor-widget-heading .elementor-heading-title.elementor-size-medium{font-size:19px}.elementor-widget-heading .elementor-heading-title.elementor-size-large{font-size:29px}.elementor-widget-heading .elementor-heading-title.elementor-size-xl{font-size:39px}.elementor-widget-heading .elementor-heading-title.elementor-size-xxl{font-size:59px}<\/style><h2 class=\"elementor-heading-title elementor-size-default\">A\u00f1ade aqu\u00ed tu texto de cabecera<\/h2>\t\t<\/div>\n\t\t\t\t<\/div>\n\t\t\t\t\t<\/div>\n\t\t<\/div>\n\t\t\t\t\t\t\t<\/div>\n\t\t<\/section>\n\t\t\t\t<section class=\"elementor-section elementor-top-section elementor-element elementor-element-5c67f323 elementor-section-boxed elementor-section-height-default elementor-section-height-default\" data-id=\"5c67f323\" data-element_type=\"section\" data-settings=\"{&quot;background_background&quot;:&quot;classic&quot;}\">\n\t\t\t\t\t\t\t<div class=\"elementor-background-overlay\"><\/div>\n\t\t\t\t\t\t\t<div class=\"elementor-container elementor-column-gap-default\">\n\t\t\t\t\t<div class=\"elementor-column elementor-col-100 elementor-top-column elementor-element elementor-element-4af5b10f\" data-id=\"4af5b10f\" data-element_type=\"column\">\n\t\t\t<div class=\"elementor-widget-wrap elementor-element-populated\">\n\t\t\t\t\t\t\t\t<div class=\"elementor-element elementor-element-1bccdc53 elementor-widget elementor-widget-heading\" data-id=\"1bccdc53\" data-element_type=\"widget\" data-widget_type=\"heading.default\">\n\t\t\t\t<div class=\"elementor-widget-container\">\n\t\t\t<h1 class=\"elementor-heading-title elementor-size-default\">Preguntas frecuentes<\/h1>\t\t<\/div>\n\t\t\t\t<\/div>\n\t\t\t\t<div class=\"elementor-element elementor-element-4f88f661 elementor-widget elementor-widget-text-editor\" data-id=\"4f88f661\" data-element_type=\"widget\" data-widget_type=\"text-editor.default\">\n\t\t\t\t<div class=\"elementor-widget-container\">\n\t\t\t<style>\/*! elementor - v3.12.1 - 02-04-2023 *\/\n.elementor-widget-text-editor.elementor-drop-cap-view-stacked .elementor-drop-cap{background-color:#69727d;color:#fff}.elementor-widget-text-editor.elementor-drop-cap-view-framed .elementor-drop-cap{color:#69727d;border:3px solid;background-color:transparent}.elementor-widget-text-editor:not(.elementor-drop-cap-view-default) .elementor-drop-cap{margin-top:8px}.elementor-widget-text-editor:not(.elementor-drop-cap-view-default) .elementor-drop-cap-letter{width:1em;height:1em}.elementor-widget-text-editor .elementor-drop-cap{float:left;text-align:center;line-height:1;font-size:50px}.elementor-widget-text-editor .elementor-drop-cap-letter{display:inline-block}<\/style>\t\t\t\t<p>Estas son las preguntas m\u00e1s frecuentes que os surgen cuando est\u00e1is pensando en contratar mi actividad de taller de construcci\u00f3n de cajas nido<\/p>\t\t\t\t\t\t<\/div>\n\t\t\t\t<\/div>\n\t\t\t\t\t<\/div>\n\t\t<\/div>\n\t\t\t\t\t\t\t<\/div>\n\t\t<\/section>\n\t\t\t\t<section class=\"elementor-section elementor-top-section elementor-element elementor-element-4b1070c4 elementor-section-boxed elementor-section-height-default elementor-section-height-default\" data-id=\"4b1070c4\" data-element_type=\"section\">\n\t\t\t\t\t\t<div class=\"elementor-container elementor-column-gap-default\">\n\t\t\t\t\t<div class=\"elementor-column elementor-col-50 elementor-top-column elementor-element elementor-element-4baab893\" data-id=\"4baab893\" data-element_type=\"column\">\n\t\t\t<div class=\"elementor-widget-wrap elementor-element-populated\">\n\t\t\t\t\t\t\t\t<div class=\"elementor-element elementor-element-386adee0 elementor-widget elementor-widget-elementskit-faq\" data-id=\"386adee0\" data-element_type=\"widget\" data-widget_type=\"elementskit-faq.default\">\n\t\t\t\t<div class=\"elementor-widget-container\">\n\t\t\t<div class=\"ekit-wid-con\" >\n                <div class=\"elementskit-single-faq elementor-repeater-item-2333e03\">\n            <div class=\"elementskit-faq-header\">\n                <h2 class=\"elementskit-faq-title\">\u00bfEn qu\u00e9 consiste la actividad?<\/h2>\n            <\/div>\n            <div class=\"elementskit-faq-body\">\n                Consiste en entender por qu\u00e9 y en qu\u00e9 casos se usan las cajas nido como medida para recuperar la biodiversidad y despur\u00e9s participar en la construcci\u00f3n de cajas nido profesionales que realmente vayan a mejorar la biodiversidad de la zona. Los kits de construcci\u00f3n los preparo yo, estudiando previamente d\u00f3nde van a ser instalados y qu\u00e9 especies los usar\u00e1n.            <\/div>\n        <\/div>\n                <div class=\"elementskit-single-faq elementor-repeater-item-6621384\">\n            <div class=\"elementskit-faq-header\">\n                <h2 class=\"elementskit-faq-title\">\u00bfCu\u00e1nta gente participa?<\/h2>\n            <\/div>\n            <div class=\"elementskit-faq-body\">\n                Cada caja nido se construye por parejas o por grupos de hasta 4 alumnos. M\u00e1s alumnos por grupo no es recomendable porque habr\u00eda estudiantes que se quedar\u00edan mirando.            <\/div>\n        <\/div>\n                <div class=\"elementskit-single-faq elementor-repeater-item-27c1425\">\n            <div class=\"elementskit-faq-header\">\n                <h2 class=\"elementskit-faq-title\">\u00bfCu\u00e1nto dura la actividad?<\/h2>\n            <\/div>\n            <div class=\"elementskit-faq-body\">\n                Recomendable una hora y media. Se puede prolongar tanto tiempo como se quiera pero no se puede hacer en menos de una hora.            <\/div>\n        <\/div>\n                <div class=\"elementskit-single-faq elementor-repeater-item-e650c4e\">\n            <div class=\"elementskit-faq-header\">\n                <h2 class=\"elementskit-faq-title\">\u00bfSe puede hacer al aire libre?<\/h2>\n            <\/div>\n            <div class=\"elementskit-faq-body\">\n                S\u00ed se puede pero es preciso que no haga viento ni lluvia. Debido a esto, se suele realizar dentro del sal\u00f3n de actos o biblioteca del centro educativo.            <\/div>\n        <\/div>\n        \n    <\/div>\t\t<\/div>\n\t\t\t\t<\/div>\n\t\t\t\t\t<\/div>\n\t\t<\/div>\n\t\t\t\t<div class=\"elementor-column elementor-col-50 elementor-top-column elementor-element elementor-element-52fdb56d\" data-id=\"52fdb56d\" data-element_type=\"column\">\n\t\t\t<div class=\"elementor-widget-wrap elementor-element-populated\">\n\t\t\t\t\t\t\t\t<div class=\"elementor-element elementor-element-12f76ab4 elementor-widget elementor-widget-elementskit-faq\" data-id=\"12f76ab4\" data-element_type=\"widget\" data-widget_type=\"elementskit-faq.default\">\n\t\t\t\t<div class=\"elementor-widget-container\">\n\t\t\t<div class=\"ekit-wid-con\" >\n                <div class=\"elementskit-single-faq elementor-repeater-item-2333e03\">\n            <div class=\"elementskit-faq-header\">\n                <h2 class=\"elementskit-faq-title\">\u00bfQu\u00e9 madera se usa?<\/h2>\n            <\/div>\n            <div class=\"elementskit-faq-body\">\n                Toda la madera que uso siempre es europea y de gesti\u00f3n sostenible  de (Sello de gesti\u00f3n FSC): Abeto, pino, contrachapado o tablero fen\u00f3lico, dependiendo de la pieza y de qui\u00e9n vaya a construir finlamente las cajas nido, elijo cuidadosamente una madera u otra, as\u00ed como los elementos adicionales de seguridad para evitar a los depredadores de nidos.            <\/div>\n        <\/div>\n                <div class=\"elementskit-single-faq elementor-repeater-item-6621384\">\n            <div class=\"elementskit-faq-header\">\n                <h2 class=\"elementskit-faq-title\">\u00bfPor qu\u00e9 es una de las actividades m\u00e1s caras?<\/h2>\n            <\/div>\n            <div class=\"elementskit-faq-body\">\n                El taller est\u00e1 muy trabajado en su puesta en escena, decoraci\u00f3n y materiales divulgativos, muy por encima del resto empresas que se dedican a las cajas nido. Los materiales, los kits y las herramientas son las mismas que se usan en el mundo profesional, sin importar qui\u00e9n vaya a realizar el taller.             <\/div>\n        <\/div>\n                <div class=\"elementskit-single-faq elementor-repeater-item-27c1425\">\n            <div class=\"elementskit-faq-header\">\n                <h2 class=\"elementskit-faq-title\">\u00bfPor qu\u00e9 no se abarata el coste con madera peor?<\/h2>\n            <\/div>\n            <div class=\"elementskit-faq-body\">\n                Los profesionales estamos tratando de informar al gran p\u00fablico de lo peligroso que es para las aves usar madera mala o reutilizada de palets de obra, pues intoxica a los pollos m\u00e1s j\u00f3venes o convierte en hornos el interior de las cajas nido.              <\/div>\n        <\/div>\n        \n    <\/div>\t\t<\/div>\n\t\t\t\t<\/div>\n\t\t\t\t\t<\/div>\n\t\t<\/div>\n\t\t\t\t\t\t\t<\/div>\n\t\t<\/section>\n\t\t\t\t\t\t\t<\/div>\n\t\t","protected":false},"excerpt":{"rendered":"<p>A\u00f1ade aqu\u00ed tu texto de cabecera Preguntas frecuentes Estas son las preguntas m\u00e1s frecuentes que os surgen cuando est\u00e1is pensando en contratar mi actividad de taller de construcci\u00f3n de cajas nido \u00bfEn qu\u00e9 consiste la actividad? Consiste en entender por qu\u00e9 y en qu\u00e9 casos se usan las cajas nido como medida para recuperar la&hellip; <a class=\"more-link\" href=\"https:\/\/diegodevallejo.com\/index.php\/preguntas-taller-de-cajas-nido\/\">Continue reading <span class=\"screen-reader-text\">Preguntas frecuentes taller de cajas nido<\/span><\/a><\/p>\n","protected":false},"author":1,"featured_media":927,"parent":0,"menu_order":0,"comment_status":"closed","ping_status":"closed","template":"elementor_header_footer","meta":[],"yoast_head":"<!-- This site is optimized with the Yoast SEO plugin v20.5 - https:\/\/yoast.com\/wordpress\/plugins\/seo\/ -->\n<title>Preguntas frecuentes taller de cajas nido - diegodevallejo.com<\/title>\n<meta name=\"description\" content=\"Estas son las preguntas m\u00e1s frecuentes que os surgen cuando est\u00e1is pensando en contratar mi actividad de taller de construcci\u00f3n de cajas nido\" \/>\n<meta name=\"robots\" content=\"index, follow, max-snippet:-1, max-image-preview:large, max-video-preview:-1\" \/>\n<link rel=\"canonical\" href=\"https:\/\/diegodevallejo.com\/index.php\/preguntas-taller-de-cajas-nido\/\" \/>\n<meta property=\"og:locale\" content=\"en_US\" \/>\n<meta property=\"og:type\" content=\"article\" \/>\n<meta property=\"og:title\" content=\"Preguntas frecuentes taller de cajas nido - diegodevallejo.com\" \/>\n<meta property=\"og:description\" content=\"Estas son las preguntas m\u00e1s frecuentes que os surgen cuando est\u00e1is pensando en contratar mi actividad de taller de construcci\u00f3n de cajas nido\" \/>\n<meta property=\"og:url\" content=\"https:\/\/diegodevallejo.com\/index.php\/preguntas-taller-de-cajas-nido\/\" \/>\n<meta property=\"og:site_name\" content=\"diegodevallejo.com\" \/>\n<meta property=\"article:modified_time\" content=\"2023-05-21T22:35:59+00:00\" \/>\n<meta property=\"og:image\" content=\"http:\/\/diegodevallejo.com\/wp-content\/uploads\/2023\/05\/taller-de-cajas-nido-casas-para-pajaros-poty-ambienturas-naturaleza-en-el-aula-educacion-ambiental-divulgacion-ambiental.jpg\" \/>\n\t<meta property=\"og:image:width\" content=\"1200\" \/>\n\t<meta property=\"og:image:height\" content=\"767\" \/>\n\t<meta property=\"og:image:type\" content=\"image\/jpeg\" \/>\n<meta name=\"twitter:card\" content=\"summary_large_image\" \/>\n<meta name=\"twitter:label1\" content=\"Est. reading time\" \/>\n\t<meta name=\"twitter:data1\" content=\"2 minutes\" \/>\n<script type=\"application\/ld+json\" class=\"yoast-schema-graph\">{\"@context\":\"https:\/\/schema.org\",\"@graph\":[{\"@type\":\"WebPage\",\"@id\":\"https:\/\/diegodevallejo.com\/index.php\/preguntas-taller-de-cajas-nido\/\",\"url\":\"https:\/\/diegodevallejo.com\/index.php\/preguntas-taller-de-cajas-nido\/\",\"name\":\"Preguntas frecuentes taller de cajas nido - diegodevallejo.com\",\"isPartOf\":{\"@id\":\"https:\/\/diegodevallejo.com\/#website\"},\"datePublished\":\"2023-05-21T22:13:30+00:00\",\"dateModified\":\"2023-05-21T22:35:59+00:00\",\"description\":\"Estas son las preguntas m\u00e1s frecuentes que os surgen cuando est\u00e1is pensando en contratar mi actividad de taller de construcci\u00f3n de cajas nido\",\"breadcrumb\":{\"@id\":\"https:\/\/diegodevallejo.com\/index.php\/preguntas-taller-de-cajas-nido\/#breadcrumb\"},\"inLanguage\":\"en-US\",\"potentialAction\":[{\"@type\":\"ReadAction\",\"target\":[\"https:\/\/diegodevallejo.com\/index.php\/preguntas-taller-de-cajas-nido\/\"]}]},{\"@type\":\"BreadcrumbList\",\"@id\":\"https:\/\/diegodevallejo.com\/index.php\/preguntas-taller-de-cajas-nido\/#breadcrumb\",\"itemListElement\":[{\"@type\":\"ListItem\",\"position\":1,\"name\":\"Portada\",\"item\":\"https:\/\/diegodevallejo.com\/\"},{\"@type\":\"ListItem\",\"position\":2,\"name\":\"Preguntas frecuentes taller de cajas nido\"}]},{\"@type\":\"WebSite\",\"@id\":\"https:\/\/diegodevallejo.com\/#website\",\"url\":\"https:\/\/diegodevallejo.com\/\",\"name\":\"diegodevallejo.com\",\"description\":\"P\u00e1gina oficial de la empresa de formaci\u00f3n y divulgaci\u00f3n ambiental &quot;Poty Ambienturas&quot;\",\"publisher\":{\"@id\":\"https:\/\/diegodevallejo.com\/#organization\"},\"potentialAction\":[{\"@type\":\"SearchAction\",\"target\":{\"@type\":\"EntryPoint\",\"urlTemplate\":\"https:\/\/diegodevallejo.com\/?s={search_term_string}\"},\"query-input\":\"required name=search_term_string\"}],\"inLanguage\":\"en-US\"},{\"@type\":\"Organization\",\"@id\":\"https:\/\/diegodevallejo.com\/#organization\",\"name\":\"diegodevallejo.com\",\"url\":\"https:\/\/diegodevallejo.com\/\",\"logo\":{\"@type\":\"ImageObject\",\"inLanguage\":\"en-US\",\"@id\":\"https:\/\/diegodevallejo.com\/#\/schema\/logo\/image\/\",\"url\":\"https:\/\/diegodevallejo.com\/wp-content\/uploads\/2023\/04\/cropped-potyambienturas-removebg-preview.png\",\"contentUrl\":\"https:\/\/diegodevallejo.com\/wp-content\/uploads\/2023\/04\/cropped-potyambienturas-removebg-preview.png\",\"width\":176,\"height\":176,\"caption\":\"diegodevallejo.com\"},\"image\":{\"@id\":\"https:\/\/diegodevallejo.com\/#\/schema\/logo\/image\/\"}}]}<\/script>\n<!-- \/ Yoast SEO plugin. -->","yoast_head_json":{"title":"Preguntas frecuentes taller de cajas nido - diegodevallejo.com","description":"Estas son las preguntas m\u00e1s frecuentes que os surgen cuando est\u00e1is pensando en contratar mi actividad de taller de construcci\u00f3n de cajas nido","robots":{"index":"index","follow":"follow","max-snippet":"max-snippet:-1","max-image-preview":"max-image-preview:large","max-video-preview":"max-video-preview:-1"},"canonical":"https:\/\/diegodevallejo.com\/index.php\/preguntas-taller-de-cajas-nido\/","og_locale":"en_US","og_type":"article","og_title":"Preguntas frecuentes taller de cajas nido - diegodevallejo.com","og_description":"Estas son las preguntas m\u00e1s frecuentes que os surgen cuando est\u00e1is pensando en contratar mi actividad de taller de construcci\u00f3n de cajas nido","og_url":"https:\/\/diegodevallejo.com\/index.php\/preguntas-taller-de-cajas-nido\/","og_site_name":"diegodevallejo.com","article_modified_time":"2023-05-21T22:35:59+00:00","og_image":[{"width":1200,"height":767,"url":"http:\/\/diegodevallejo.com\/wp-content\/uploads\/2023\/05\/taller-de-cajas-nido-casas-para-pajaros-poty-ambienturas-naturaleza-en-el-aula-educacion-ambiental-divulgacion-ambiental.jpg","type":"image\/jpeg"}],"twitter_card":"summary_large_image","twitter_misc":{"Est. reading time":"2 minutes"},"schema":{"@context":"https:\/\/schema.org","@graph":[{"@type":"WebPage","@id":"https:\/\/diegodevallejo.com\/index.php\/preguntas-taller-de-cajas-nido\/","url":"https:\/\/diegodevallejo.com\/index.php\/preguntas-taller-de-cajas-nido\/","name":"Preguntas frecuentes taller de cajas nido - diegodevallejo.com","isPartOf":{"@id":"https:\/\/diegodevallejo.com\/#website"},"datePublished":"2023-05-21T22:13:30+00:00","dateModified":"2023-05-21T22:35:59+00:00","description":"Estas son las preguntas m\u00e1s frecuentes que os surgen cuando est\u00e1is pensando en contratar mi actividad de taller de construcci\u00f3n de cajas nido","breadcrumb":{"@id":"https:\/\/diegodevallejo.com\/index.php\/preguntas-taller-de-cajas-nido\/#breadcrumb"},"inLanguage":"en-US","potentialAction":[{"@type":"ReadAction","target":["https:\/\/diegodevallejo.com\/index.php\/preguntas-taller-de-cajas-nido\/"]}]},{"@type":"BreadcrumbList","@id":"https:\/\/diegodevallejo.com\/index.php\/preguntas-taller-de-cajas-nido\/#breadcrumb","itemListElement":[{"@type":"ListItem","position":1,"name":"Portada","item":"https:\/\/diegodevallejo.com\/"},{"@type":"ListItem","position":2,"name":"Preguntas frecuentes taller de cajas nido"}]},{"@type":"WebSite","@id":"https:\/\/diegodevallejo.com\/#website","url":"https:\/\/diegodevallejo.com\/","name":"diegodevallejo.com","description":"P\u00e1gina oficial de la empresa de formaci\u00f3n y divulgaci\u00f3n ambiental &quot;Poty Ambienturas&quot;","publisher":{"@id":"https:\/\/diegodevallejo.com\/#organization"},"potentialAction":[{"@type":"SearchAction","target":{"@type":"EntryPoint","urlTemplate":"https:\/\/diegodevallejo.com\/?s={search_term_string}"},"query-input":"required name=search_term_string"}],"inLanguage":"en-US"},{"@type":"Organization","@id":"https:\/\/diegodevallejo.com\/#organization","name":"diegodevallejo.com","url":"https:\/\/diegodevallejo.com\/","logo":{"@type":"ImageObject","inLanguage":"en-US","@id":"https:\/\/diegodevallejo.com\/#\/schema\/logo\/image\/","url":"https:\/\/diegodevallejo.com\/wp-content\/uploads\/2023\/04\/cropped-potyambienturas-removebg-preview.png","contentUrl":"https:\/\/diegodevallejo.com\/wp-content\/uploads\/2023\/04\/cropped-potyambienturas-removebg-preview.png","width":176,"height":176,"caption":"diegodevallejo.com"},"image":{"@id":"https:\/\/diegodevallejo.com\/#\/schema\/logo\/image\/"}}]}},"_links":{"self":[{"href":"https:\/\/diegodevallejo.com\/index.php\/wp-json\/wp\/v2\/pages\/890"}],"collection":[{"href":"https:\/\/diegodevallejo.com\/index.php\/wp-json\/wp\/v2\/pages"}],"about":[{"href":"https:\/\/diegodevallejo.com\/index.php\/wp-json\/wp\/v2\/types\/page"}],"author":[{"embeddable":true,"href":"https:\/\/diegodevallejo.com\/index.php\/wp-json\/wp\/v2\/users\/1"}],"replies":[{"embeddable":true,"href":"https:\/\/diegodevallejo.com\/index.php\/wp-json\/wp\/v2\/comments?post=890"}],"version-history":[{"count":17,"href":"https:\/\/diegodevallejo.com\/index.php\/wp-json\/wp\/v2\/pages\/890\/revisions"}],"predecessor-version":[{"id":952,"href":"https:\/\/diegodevallejo.com\/index.php\/wp-json\/wp\/v2\/pages\/890\/revisions\/952"}],"wp:featuredmedia":[{"embeddable":true,"href":"https:\/\/diegodevallejo.com\/index.php\/wp-json\/wp\/v2\/media\/927"}],"wp:attachment":[{"href":"https:\/\/diegodevallejo.com\/index.php\/wp-json\/wp\/v2\/media?parent=890"}],"curies":[{"name":"wp","href":"https:\/\/api.w.org\/{rel}","templated":true}]}}